{"id":32026,"date":"2023-04-17T10:58:12","date_gmt":"2023-04-17T08:58:12","guid":{"rendered":"https:\/\/www.garciafaura.com\/?page_id=32026"},"modified":"2023-04-17T10:58:12","modified_gmt":"2023-04-17T08:58:12","slug":"politique-de-confidentialite","status":"publish","type":"page","link":"https:\/\/www.garciafaura.com\/fr\/politique-de-confidentialite\/","title":{"rendered":"Politique de Confidentialit\u00e9"},"content":{"rendered":"<div class=\"wpb-content-wrapper\">[vc_row][vc_column][vc_column_text]\n<h2><span style=\"font-family: 'Open Sans';\">POLITIQUE DE CONFIDENTIALIT\u00c9<\/span><\/h2>\n<p><span style=\"font-family: 'Open Sans';\">La soci\u00e9t\u00e9 responsable du traitement de vos donn\u00e9es conform\u00e9ment \u00e0 la pr\u00e9sente politique de confidentialit\u00e9 est :<\/span><\/p>\n<p><span style=\"font-family: 'Open Sans';\">GARCIA FAURA, S.L.<\/span><br \/>\n<span style=\"font-family: 'Open Sans';\">NIF : B58753005<\/span><br \/>\n<span style=\"font-family: 'Open Sans';\">Adresse : C\/ Raurell, 37 &#8211; 08850 Gav\u00e0 (Barcelone)<\/span><br \/>\n<span style=\"font-family: 'Open Sans';\">Adresse e-mail : lrequena@garciafaura.com<\/span><br \/>\n<span style=\"font-family: 'Open Sans';\">Site Web : www.garciafaura.com<\/span><br \/>\n<span style=\"font-family: 'Open Sans';\">N\u00b0 de t\u00e9l\u00e9phone : 936 621 441<\/span><br \/>\n<span style=\"font-family: 'Open Sans';\">Inscrite au Registre du Commerce de Barcelone, Tomo : 9.876, Libro : 435, Secci\u00f3n : 3\u00aa, Folio : 98, Hoja : 7.922, Inscripci\u00f3n 1\u00aa<\/span><\/p>\n<p><span style=\"font-family: 'Open Sans';\">Chez GARCIA FAURA, S.L., nous reconnaissons l&rsquo;importance de prot\u00e9ger vos informations personnelles et nous nous engageons \u00e0 les traiter de mani\u00e8re responsable et conform\u00e9ment aux lois sur la protection des donn\u00e9es.<\/span><\/p>\n<p><span style=\"font-family: 'Open Sans';\">La pr\u00e9sente politique de confidentialit\u00e9 a pour objet de r\u00e9glementer tous les aspects relatifs au traitement des donn\u00e9es des diff\u00e9rents utilisateurs naviguant sur le site ou fournissant leurs donn\u00e9es personnelles sur les diff\u00e9rents formulaires qui s&rsquo;y trouvent.<\/span><\/p>\n<h3><span style=\"font-family: 'Open Sans';\">Donn\u00e9es personnelles<\/span><\/h3>\n<p><span style=\"font-family: 'Open Sans';\">Les donn\u00e9es personnelles sont les informations qui vous identifient ou peuvent vous identifier. \u00c0 travers le site Web, dans les cases pr\u00e9vues \u00e0 cet effet, sont collect\u00e9es les donn\u00e9es personnelles que l&rsquo;utilisateur nous fournit : nom, pr\u00e9nom, e-mail, num\u00e9ro de t\u00e9l\u00e9phone, code postal, ville, etc. De plus, sont collect\u00e9es toutes les les donn\u00e9es personnelles que l&rsquo;utilisateur nous fournit volontairement via l&rsquo;un des r\u00e9seaux sociaux, dont l&rsquo;utilisateur est enregistr\u00e9. Dans ce cas, les param\u00e8tres de confidentialit\u00e9 d\u00e9pendront \u00e0 la fois de la configuration que l&rsquo;utilisateur a \u00e9tablie ainsi que des termes et conditions du r\u00e9seau social lui-m\u00eame.<\/span><\/p>\n<p><span style=\"font-family: 'Open Sans';\">Lorsqu&rsquo;un utilisateur visite le site Web, cela ne signifie pas qu&rsquo;il doit fournir des informations sur ses donn\u00e9es personnelles. Cependant, si de telles informations sont fournies, les donn\u00e9es seront trait\u00e9es de mani\u00e8re licite et soumises \u00e0 tout moment aux principes et droits contenus dans le GDPR 2016\/679 du 27 avril 2016 et la LOPDGDD 3\/2018 du 5 d\u00e9cembre.<\/span><\/p>\n<h3><span style=\"font-family: 'Open Sans';\">Finalit\u00e9, dur\u00e9e et l\u00e9gitimation du traitement :<\/span><\/h3>\n<p><span style=\"font-family: 'Open Sans';\">Nous traiterons les donn\u00e9es qui nous sont fournies par l&rsquo;utilisateur aux fins suivantes :<\/span><\/p>\n<p><span style=\"font-family: 'Open Sans';\">Pour traiter la demande ou la demande de l&rsquo;utilisateur effectu\u00e9e via le formulaire de contact du site Web. Nous collectons et traitons les donn\u00e9es personnelles de l&rsquo;utilisateur pour nous permettre de traiter et de g\u00e9rer sa candidature, sa requ\u00eate ou toute demande formul\u00e9e via ledit formulaire. Nous conserverons ces donn\u00e9es pendant le temps n\u00e9cessaire pour se conformer \u00e0 la demande et pendant le temps \u00e9tabli par la loi, avec une dur\u00e9e minimale de 3 ans.<\/span><\/p>\n<p><span style=\"font-family: 'Open Sans';\">La base de l\u00e9gitimation du traitement des donn\u00e9es sera le consentement accord\u00e9 par l&rsquo;utilisateur en cochant la case d&rsquo;acceptation de notre politique de confidentialit\u00e9 avant d&rsquo;envoyer la demande. L&rsquo;utilisateur a le droit de r\u00e9voquer son consentement \u00e0 tout moment, sans que cela n&rsquo;affecte la lic\u00e9it\u00e9 du traitement fond\u00e9 sur le consentement donn\u00e9 avant son retrait.<\/span><\/p>\n<p><span style=\"font-family: 'Open Sans';\">Pour envoyer des circulaires et des newsletters sur GARCIA FAURA, S.L. des produits. Lorsque nous avons le consentement de l&rsquo;utilisateur, nous collectons et traitons ses donn\u00e9es personnelles pour lui envoyer des informations sur nos produits et services. Nous conserverons ces donn\u00e9es aussi longtemps que l&rsquo;utilisateur ne r\u00e9voque pas son consentement \u00e0 leur traitement, pendant la dur\u00e9e fix\u00e9e par la loi et pour une dur\u00e9e minimale de 3 ans.<\/span><\/p>\n<p><span style=\"font-family: 'Open Sans';\">La base de l\u00e9gitimation du traitement des donn\u00e9es sera le consentement accord\u00e9 par l&rsquo;utilisateur en cochant la case d&rsquo;acceptation de notre politique de confidentialit\u00e9 avant de s&rsquo;abonner \u00e0 la newsletter dans le formulaire pr\u00e9vu \u00e0 cet effet sur le site. L&rsquo;utilisateur a le droit de r\u00e9voquer son consentement \u00e0 tout moment, sans que cela n&rsquo;affecte la lic\u00e9it\u00e9 du traitement fond\u00e9 sur le consentement donn\u00e9 avant son retrait.<\/span><\/p>\n<p><span style=\"font-family: 'Open Sans';\">Pour am\u00e9liorer l&rsquo;exp\u00e9rience utilisateur lors de la navigation sur le site. Nous conserverons ces donn\u00e9es aussi longtemps que l&rsquo;utilisateur ne r\u00e9voque pas son consentement \u00e0 leur traitement en supprimant les cookies, pendant la dur\u00e9e fix\u00e9e par la loi et pour une dur\u00e9e minimale de 3 ans.<\/span><\/p>\n<p><span style=\"font-family: 'Open Sans';\">La base l\u00e9gitime pour am\u00e9liorer la navigation sur le site est le consentement donn\u00e9 par l&rsquo;utilisateur lors de l&rsquo;acceptation des cookies. L&rsquo;utilisateur a le droit de r\u00e9voquer son consentement \u00e0 tout moment, sans que cela n&rsquo;affecte la lic\u00e9it\u00e9 du traitement fond\u00e9 sur le consentement donn\u00e9 avant son retrait.<\/span><\/p>\n<p><span style=\"font-family: 'Open Sans';\">Pour g\u00e9rer nos r\u00e9seaux sociaux et envoyer aux utilisateurs des informations sur nos activit\u00e9s et nos produits. Nous conserverons ces donn\u00e9es aussi longtemps que l&rsquo;utilisateur ne r\u00e9voque pas son consentement \u00e0 leur traitement, pendant la dur\u00e9e fix\u00e9e par la loi et pour une dur\u00e9e minimale de 3 ans.<\/span><\/p>\n<p><span style=\"font-family: 'Open Sans';\">La base l\u00e9gitime pour g\u00e9rer nos r\u00e9seaux sociaux et envoyer aux utilisateurs nos activit\u00e9s et nouvelles fonctionnalit\u00e9s est le consentement qui nous est donn\u00e9 pour le faire. L&rsquo;utilisateur a le droit de r\u00e9voquer son consentement \u00e0 tout moment, sans que cela n&rsquo;affecte la lic\u00e9it\u00e9 du traitement fond\u00e9 sur le consentement donn\u00e9 avant son retrait.<\/span><br \/>\n<span style=\"font-family: 'Open Sans';\">Cession ou communication de donn\u00e9es personnelles et transferts internationaux :<\/span><br \/>\n<span style=\"font-family: 'Open Sans';\">Vos donn\u00e9es ne seront pas communiqu\u00e9es ou transf\u00e9r\u00e9es \u00e0 des tiers sauf obligation l\u00e9gale, ou aux prestataires de services associ\u00e9s au Responsable du traitement qui agissent en tant que sous-traitants.<\/span><\/p>\n<p><span style=\"font-family: 'Open Sans';\">Les donn\u00e9es ne seront pas transf\u00e9r\u00e9es \u00e0 l&rsquo;international\u00a0; si, \u00e0 tout moment, cela s&rsquo;av\u00e9rait n\u00e9cessaire, l&rsquo;utilisateur en serait inform\u00e9 afin que son consentement puisse \u00eatre recueilli.<\/span><\/p>\n<h3><span style=\"font-family: 'Open Sans';\">Mise \u00e0 jour des donn\u00e9es<\/span><\/h3>\n<p><span style=\"font-family: 'Open Sans';\">Afin que nous puissions maintenir \u00e0 jour les donn\u00e9es personnelles, l&rsquo;utilisateur doit toujours nous informer de toute modification de ces donn\u00e9es ; si cela n&rsquo;est pas fait, nous ne pouvons \u00eatre tenus responsables de la v\u00e9racit\u00e9 des donn\u00e9es.<\/span><\/p>\n<p><span style=\"font-family: 'Open Sans';\">L&rsquo;utilisateur garantit que les donn\u00e9es personnelles fournies sont v\u00e9ridiques et garantit que toutes les informations fournies correspondent \u00e0 la r\u00e9alit\u00e9, sont \u00e0 jour et exactes. Il est tenu d&rsquo;en communiquer toute modification.<\/span><\/p>\n<h3><span style=\"font-family: 'Open Sans';\">Donn\u00e9es tierces<\/span><\/h3>\n<p><span style=\"font-family: 'Open Sans';\">Si l&rsquo;utilisateur fournit des donn\u00e9es de tiers \u00e0 quelque fin que ce soit \u00e0 GARCIA FAURA, S.L., il garantit qu&rsquo;il a obtenu ces donn\u00e9es de mani\u00e8re licite, qu&rsquo;il a pr\u00e9alablement inform\u00e9 les personnes concern\u00e9es, qu&rsquo;il a obtenu son consentement pour les communiquer et que les informations fournies sont exactes et v\u00e9ridiques.<\/span><\/p>\n<h3><span style=\"font-family: 'Open Sans';\">Caract\u00e8re obligatoire des informations demand\u00e9es<\/span><\/h3>\n<p><span style=\"font-family: 'Open Sans';\">Tous nos formulaires comportent un ast\u00e9risque (*) pour indiquer les informations obligatoires. Si l&rsquo;utilisateur ne remplit pas ces champs, ou ne coche pas la case politique de confidentialit\u00e9, les informations ne seront pas envoy\u00e9es.<\/span><br \/>\n<span style=\"font-family: 'Open Sans';\">Utilisation de mots de passe<\/span><br \/>\n<span style=\"font-family: 'Open Sans';\">Pour acc\u00e9der \u00e0 votre compte, l&rsquo;UTILISATEUR doit \u00ab\u00a0Se connecter\u00a0\u00bb et inclure l&rsquo;adresse e-mail et le mot de passe g\u00e9n\u00e9r\u00e9s dans le formulaire d&rsquo;inscription selon les r\u00e8gles de complexit\u00e9 \u00e9tablies \u00e0 chaque instant sur le web.<\/span><\/p>\n<p><span style=\"font-family: 'Open Sans';\">Les utilisateurs sont responsables de la garde et de la confidentialit\u00e9 ad\u00e9quates des identifiants et\/ou mots de passe qu&rsquo;ils ont s\u00e9lectionn\u00e9s lors de l&rsquo;inscription, et s&rsquo;engagent \u00e0 ne pas en c\u00e9der l&rsquo;utilisation \u00e0 des tiers, ni \u00e0 permettre leur acc\u00e8s \u00e0 des tiers.<\/span><\/p>\n<p><span style=\"font-family: 'Open Sans';\">De m\u00eame, l&rsquo;utilisateur aura l&rsquo;obligation de notifier imm\u00e9diatement au responsable du traitement tout fait permettant l&rsquo;utilisation abusive des identifiants et\/ou mots de passe, tels que le vol, la perte ou l&rsquo;acc\u00e8s non autoris\u00e9 \u00e0 ceux-ci, afin de proc\u00e9der \u00e0 son annulation imm\u00e9diate. .<\/span><\/p>\n<h3><span style=\"font-family: 'Open Sans';\">Droits des personnes concern\u00e9es\u00a0:<\/span><\/h3>\n<p><span style=\"font-family: 'Open Sans';\">Vous avez le droit d&rsquo;acc\u00e9der \u00e0 vos donn\u00e9es et d&rsquo;obtenir une confirmation concernant le traitement de celles-ci, ainsi qu&rsquo;une copie des donn\u00e9es personnelles en cours de traitement. Vous avez le droit de les mettre \u00e0 jour et de demander que toute donn\u00e9e inexacte soit corrig\u00e9e, ou de demander la suppression des donn\u00e9es lorsqu&rsquo;elles ne sont pas n\u00e9cessaires aux fins pour lesquelles elles ont \u00e9t\u00e9 collect\u00e9es. Vous pouvez demander une limitation du traitement de vos donn\u00e9es et vous opposer \u00e0 leur traitement en r\u00e9voquant votre consentement, ainsi qu&rsquo;exercer votre droit \u00e0 la portabilit\u00e9 des donn\u00e9es. De m\u00eame, vous avez le droit de ne pas faire l&rsquo;objet de d\u00e9cisions fond\u00e9es uniquement sur le traitement automatis\u00e9 de vos donn\u00e9es personnelles. Vous pouvez exercer vos droits en nous contactant C\/ Raurell, 37 &#8211; 08850 Gav\u00e0 (Barcelone). Courriel : info@garciafaura.com<\/span><\/p>\n<p><span style=\"font-family: 'Open Sans';\">Si vous consid\u00e9rez que vos droits n&rsquo;ont pas \u00e9t\u00e9 d\u00fbment respect\u00e9s, vous avez le droit de d\u00e9poser une plainte aupr\u00e8s de l&rsquo;Agence espagnole de protection des donn\u00e9es www.aepd.es<\/span><\/p>\n<h3><span style=\"font-family: 'Open Sans';\">Traitement des donn\u00e9es des Mineurs<\/span><\/h3>\n<p><span style=\"font-family: 'Open Sans';\">Toute personne fournissant des donn\u00e9es via les formulaires de ce site Web et acceptant le traitement de ces donn\u00e9es d\u00e9clare \u00eatre \u00e2g\u00e9e d&rsquo;au moins 14 ans. L&rsquo;acc\u00e8s et l&rsquo;utilisation du site Web sont interdits \u00e0 toute personne de moins de 14 ans. Si, \u00e0 tout moment, le responsable du traitement d\u00e9tecte qu&rsquo;une personne de moins de 14 ans a fourni des donn\u00e9es personnelles, nous annulerons ces donn\u00e9es. En outre, les parents ou tuteurs peuvent en tout \u00e9tat de cause \u00e9crire \u00e0 GARCIA FAURA, S.L. de bloquer tout compte d&rsquo;acc\u00e8s cr\u00e9\u00e9 par des mineurs \u00e0 leur charge qui se sont inscrits en falsifiant leur identit\u00e9.<\/span><\/p>\n<h3><span style=\"font-family: 'Open Sans';\">R\u00e9seaux sociaux<\/span><\/h3>\n<p><span style=\"font-family: 'Open Sans';\">L&rsquo;objet des outils sociaux tels que Facebook, Twitter, Instagram, etc. ou d&rsquo;autres r\u00e9seaux sociaux est de donner de la visibilit\u00e9 et de la diffusion des activit\u00e9s qui se d\u00e9roulent dans notre organisation. Ces outils sociaux stockent des donn\u00e9es personnelles sur les serveurs des services correspondants et sont r\u00e9gis par leur propre politique de confidentialit\u00e9. Il est recommand\u00e9 de consulter et de lire les conditions d&rsquo;utilisation et la politique de confidentialit\u00e9 du r\u00e9seau social au moment de l&rsquo;inscription, en tenant compte des diff\u00e9rentes possibilit\u00e9s de configuration concernant la confidentialit\u00e9 du profil de l&rsquo;utilisateur dans le r\u00e9seau social. En outre, le Responsable du traitement se r\u00e9serve le droit d&rsquo;effacer de ses r\u00e9seaux sociaux toute information publi\u00e9e par des tiers qui enfreindrait la l\u00e9galit\u00e9, inciterait \u00e0 enfreindre celle-ci ou contiendrait des messages portant atteinte \u00e0 la dignit\u00e9 humaine ou aux institutions. De m\u00eame, le Responsable du traitement se r\u00e9serve le droit de bloquer ou de signaler le profil de l&rsquo;auteur d&rsquo;un tel contenu.<\/span><\/p>\n<h3><span style=\"font-family: 'Open Sans';\">Cookies:<\/span><\/h3>\n<p><span style=\"font-family: 'Open Sans';\">Un cookie est un petit fichier qui est t\u00e9l\u00e9charg\u00e9 et stock\u00e9 sur l&rsquo;ordinateur de l&rsquo;utilisateur lorsqu&rsquo;il acc\u00e8de \u00e0 un site Web. Les cookies permettent, entre autres, au site de stocker et de r\u00e9cup\u00e9rer des informations sur les habitudes de navigation de l&rsquo;utilisateur ou de son ordinateur et, selon les informations qu&rsquo;ils contiennent et la mani\u00e8re dont vous utilisez votre ordinateur, ils peuvent \u00eatre utilis\u00e9s pour reconnaissance de l&rsquo;utilisateur.<\/span><\/p>\n<p><span style=\"font-family: 'Open Sans';\">L&rsquo;utilisateur a la possibilit\u00e9 d&#8217;emp\u00eacher la g\u00e9n\u00e9ration de cookies, en s\u00e9lectionnant l&rsquo;option correspondante dans son programme de navigation. Vous pouvez obtenir plus d&rsquo;informations en lisant notre politique de cookies.<\/span><\/p>\n<\/div>","protected":false},"excerpt":{"rendered":"<p>[vc_row][vc_column][vc_column_text] POLITIQUE DE CONFIDENTIALIT\u00c9 La soci\u00e9t\u00e9 responsable du traitement de vos donn\u00e9es conform\u00e9ment \u00e0 la pr\u00e9sente politique de confidentialit\u00e9 est : GARCIA FAURA, S.L. NIF : B58753005 Adresse : C\/ Raurell, 37 &#8211; 08850 Gav\u00e0 (Barcelone) Adresse e-mail : lrequena@garciafaura.com&hellip;<\/p>\n","protected":false},"author":3,"featured_media":0,"parent":0,"menu_order":0,"comment_status":"closed","ping_status":"closed","template":"","meta":{"footnotes":""},"class_list":["post-32026","page","type-page","status-publish","hentry","entry","no-media"],"yoast_head":"<!-- This site is optimized with the Yoast SEO plugin v26.7 - https:\/\/yoast.com\/wordpress\/plugins\/seo\/ -->\n<title>Politique de Confidentialit\u00e9 - GARCIA FAURA<\/title>\n<meta name=\"description\" content=\"Arquitectura en Alumini, Inox, Ferro i Vidre\" \/>\n<meta name=\"robots\" content=\"index, follow, max-snippet:-1, max-image-preview:large, max-video-preview:-1\" \/>\n<link rel=\"canonical\" href=\"https:\/\/www.garciafaura.com\/fr\/politique-de-confidentialite\/\" \/>\n<meta property=\"og:locale\" content=\"fr_FR\" \/>\n<meta property=\"og:type\" content=\"article\" \/>\n<meta property=\"og:title\" content=\"Politique de Confidentialit\u00e9 - GARCIA FAURA\" \/>\n<meta property=\"og:description\" content=\"Arquitectura en Alumini, Inox, Ferro i Vidre\" \/>\n<meta property=\"og:url\" content=\"https:\/\/www.garciafaura.com\/fr\/politique-de-confidentialite\/\" \/>\n<meta property=\"og:site_name\" content=\"GARCIA FAURA\" \/>\n<meta name=\"twitter:card\" content=\"summary_large_image\" \/>\n<meta name=\"twitter:label1\" content=\"Dur\u00e9e de lecture estim\u00e9e\" \/>\n\t<meta name=\"twitter:data1\" content=\"10 minutes\" \/>\n<script type=\"application\/ld+json\" class=\"yoast-schema-graph\">{\"@context\":\"https:\/\/schema.org\",\"@graph\":[{\"@type\":\"WebPage\",\"@id\":\"https:\/\/www.garciafaura.com\/fr\/politique-de-confidentialite\/\",\"url\":\"https:\/\/www.garciafaura.com\/fr\/politique-de-confidentialite\/\",\"name\":\"Politique de Confidentialit\u00e9 - GARCIA FAURA\",\"isPartOf\":{\"@id\":\"https:\/\/www.garciafaura.com\/fr\/#website\"},\"datePublished\":\"2023-04-17T08:58:12+00:00\",\"description\":\"Arquitectura en Alumini, Inox, Ferro i Vidre\",\"breadcrumb\":{\"@id\":\"https:\/\/www.garciafaura.com\/fr\/politique-de-confidentialite\/#breadcrumb\"},\"inLanguage\":\"fr-FR\",\"potentialAction\":[{\"@type\":\"ReadAction\",\"target\":[\"https:\/\/www.garciafaura.com\/fr\/politique-de-confidentialite\/\"]}]},{\"@type\":\"BreadcrumbList\",\"@id\":\"https:\/\/www.garciafaura.com\/fr\/politique-de-confidentialite\/#breadcrumb\",\"itemListElement\":[{\"@type\":\"ListItem\",\"position\":1,\"name\":\"Inici\",\"item\":\"https:\/\/www.garciafaura.com\/fr\/\"},{\"@type\":\"ListItem\",\"position\":2,\"name\":\"Politique de Confidentialit\u00e9\"}]},{\"@type\":\"WebSite\",\"@id\":\"https:\/\/www.garciafaura.com\/fr\/#website\",\"url\":\"https:\/\/www.garciafaura.com\/fr\/\",\"name\":\"GARCIA FAURA\",\"description\":\"Arquitectura en Alumini, Inox, Ferro i Vidre\",\"publisher\":{\"@id\":\"https:\/\/www.garciafaura.com\/fr\/#organization\"},\"potentialAction\":[{\"@type\":\"SearchAction\",\"target\":{\"@type\":\"EntryPoint\",\"urlTemplate\":\"https:\/\/www.garciafaura.com\/fr\/?s={search_term_string}\"},\"query-input\":{\"@type\":\"PropertyValueSpecification\",\"valueRequired\":true,\"valueName\":\"search_term_string\"}}],\"inLanguage\":\"fr-FR\"},{\"@type\":\"Organization\",\"@id\":\"https:\/\/www.garciafaura.com\/fr\/#organization\",\"name\":\"GARCIA FAURA\",\"url\":\"https:\/\/www.garciafaura.com\/fr\/\",\"logo\":{\"@type\":\"ImageObject\",\"inLanguage\":\"fr-FR\",\"@id\":\"https:\/\/www.garciafaura.com\/fr\/#\/schema\/logo\/image\/\",\"url\":\"https:\/\/www.garciafaura.com\/wp-content\/uploads\/2018\/09\/Garcia-Faura.png\",\"contentUrl\":\"https:\/\/www.garciafaura.com\/wp-content\/uploads\/2018\/09\/Garcia-Faura.png\",\"width\":512,\"height\":512,\"caption\":\"GARCIA FAURA\"},\"image\":{\"@id\":\"https:\/\/www.garciafaura.com\/fr\/#\/schema\/logo\/image\/\"},\"sameAs\":[\"https:\/\/www.youtube.com\/user\/GARCIAFAURA\"]}]}<\/script>\n<!-- \/ Yoast SEO plugin. -->","yoast_head_json":{"title":"Politique de Confidentialit\u00e9 - GARCIA FAURA","description":"Arquitectura en Alumini, Inox, Ferro i Vidre","robots":{"index":"index","follow":"follow","max-snippet":"max-snippet:-1","max-image-preview":"max-image-preview:large","max-video-preview":"max-video-preview:-1"},"canonical":"https:\/\/www.garciafaura.com\/fr\/politique-de-confidentialite\/","og_locale":"fr_FR","og_type":"article","og_title":"Politique de Confidentialit\u00e9 - GARCIA FAURA","og_description":"Arquitectura en Alumini, Inox, Ferro i Vidre","og_url":"https:\/\/www.garciafaura.com\/fr\/politique-de-confidentialite\/","og_site_name":"GARCIA FAURA","twitter_card":"summary_large_image","twitter_misc":{"Dur\u00e9e de lecture estim\u00e9e":"10 minutes"},"schema":{"@context":"https:\/\/schema.org","@graph":[{"@type":"WebPage","@id":"https:\/\/www.garciafaura.com\/fr\/politique-de-confidentialite\/","url":"https:\/\/www.garciafaura.com\/fr\/politique-de-confidentialite\/","name":"Politique de Confidentialit\u00e9 - GARCIA FAURA","isPartOf":{"@id":"https:\/\/www.garciafaura.com\/fr\/#website"},"datePublished":"2023-04-17T08:58:12+00:00","description":"Arquitectura en Alumini, Inox, Ferro i Vidre","breadcrumb":{"@id":"https:\/\/www.garciafaura.com\/fr\/politique-de-confidentialite\/#breadcrumb"},"inLanguage":"fr-FR","potentialAction":[{"@type":"ReadAction","target":["https:\/\/www.garciafaura.com\/fr\/politique-de-confidentialite\/"]}]},{"@type":"BreadcrumbList","@id":"https:\/\/www.garciafaura.com\/fr\/politique-de-confidentialite\/#breadcrumb","itemListElement":[{"@type":"ListItem","position":1,"name":"Inici","item":"https:\/\/www.garciafaura.com\/fr\/"},{"@type":"ListItem","position":2,"name":"Politique de Confidentialit\u00e9"}]},{"@type":"WebSite","@id":"https:\/\/www.garciafaura.com\/fr\/#website","url":"https:\/\/www.garciafaura.com\/fr\/","name":"GARCIA FAURA","description":"Arquitectura en Alumini, Inox, Ferro i Vidre","publisher":{"@id":"https:\/\/www.garciafaura.com\/fr\/#organization"},"potentialAction":[{"@type":"SearchAction","target":{"@type":"EntryPoint","urlTemplate":"https:\/\/www.garciafaura.com\/fr\/?s={search_term_string}"},"query-input":{"@type":"PropertyValueSpecification","valueRequired":true,"valueName":"search_term_string"}}],"inLanguage":"fr-FR"},{"@type":"Organization","@id":"https:\/\/www.garciafaura.com\/fr\/#organization","name":"GARCIA FAURA","url":"https:\/\/www.garciafaura.com\/fr\/","logo":{"@type":"ImageObject","inLanguage":"fr-FR","@id":"https:\/\/www.garciafaura.com\/fr\/#\/schema\/logo\/image\/","url":"https:\/\/www.garciafaura.com\/wp-content\/uploads\/2018\/09\/Garcia-Faura.png","contentUrl":"https:\/\/www.garciafaura.com\/wp-content\/uploads\/2018\/09\/Garcia-Faura.png","width":512,"height":512,"caption":"GARCIA FAURA"},"image":{"@id":"https:\/\/www.garciafaura.com\/fr\/#\/schema\/logo\/image\/"},"sameAs":["https:\/\/www.youtube.com\/user\/GARCIAFAURA"]}]}},"_links":{"self":[{"href":"https:\/\/www.garciafaura.com\/fr\/wp-json\/wp\/v2\/pages\/32026","targetHints":{"allow":["GET"]}}],"collection":[{"href":"https:\/\/www.garciafaura.com\/fr\/wp-json\/wp\/v2\/pages"}],"about":[{"href":"https:\/\/www.garciafaura.com\/fr\/wp-json\/wp\/v2\/types\/page"}],"author":[{"embeddable":true,"href":"https:\/\/www.garciafaura.com\/fr\/wp-json\/wp\/v2\/users\/3"}],"replies":[{"embeddable":true,"href":"https:\/\/www.garciafaura.com\/fr\/wp-json\/wp\/v2\/comments?post=32026"}],"version-history":[{"count":1,"href":"https:\/\/www.garciafaura.com\/fr\/wp-json\/wp\/v2\/pages\/32026\/revisions"}],"predecessor-version":[{"id":32030,"href":"https:\/\/www.garciafaura.com\/fr\/wp-json\/wp\/v2\/pages\/32026\/revisions\/32030"}],"wp:attachment":[{"href":"https:\/\/www.garciafaura.com\/fr\/wp-json\/wp\/v2\/media?parent=32026"}],"curies":[{"name":"wp","href":"https:\/\/api.w.org\/{rel}","templated":true}]}}