{"id":21284,"date":"2019-06-02T12:23:36","date_gmt":"2019-06-02T12:23:36","guid":{"rendered":"https:\/\/www.garciafaura.com\/installations\/"},"modified":"2019-09-23T11:00:04","modified_gmt":"2019-09-23T09:00:04","slug":"installations","status":"publish","type":"page","link":"https:\/\/www.garciafaura.com\/fr\/installations\/","title":{"rendered":"Installations"},"content":{"rendered":"<div class=\"wpb-content-wrapper\">[vc_row full_width=\u00a0\u00bbstretch_row\u00a0\u00bb content_placement=\u00a0\u00bbmiddle\u00a0\u00bb parallax=\u00a0\u00bbcontent-moving\u00a0\u00bb parallax_image=\u00a0\u00bb15377&Prime; typography_style=\u00a0\u00bbwhite-shadow\u00a0\u00bb wpex_bg_overlay=\u00a0\u00bbdark\u00a0\u00bb min_height=\u00a0\u00bb460px\u00a0\u00bb wpex_bg_overlay_color=\u00a0\u00bb#000000&Prime; wpex_bg_overlay_opacity=\u00a0\u00bb0.45&Prime;][vc_column][vc_column_text]\n<h2><span style=\"font-size: 24px;\"><span style=\"font-family: 'Open Sans';\">GARCIA FAURA dispose d&rsquo;installations de premi\u00e8re classe, de machines sp\u00e9cialis\u00e9es et de software sp\u00e9cifique pour la fabrication de tous les mat\u00e9riaux que nous fournissons, avec une politique d&rsquo;investissement annuelle <\/span><span style=\"font-family: 'Open Sans';\">con\u00e7ue pour rester leader dans le traitement de l&rsquo;aluminium, du fer, de l&rsquo;acier inoxydable et du verre.<\/span><\/span><\/h2>\n[\/vc_column_text][\/vc_column][\/vc_row][vc_row full_width=\u00a0\u00bbstretch_row\u00a0\u00bb typography_style=\u00a0\u00bbwhite\u00a0\u00bb][vc_column]<div class=\"vcex-spacing\" style=\"height:30px\"><\/div><h2 class=\"vcex-module vcex-heading vcex-heading-bottom-border-w-color\" style=\"color:#ffffff;font-weight:600;\"><span class=\"vcex-heading-inner clr\" style=\"border-color:#d7515e;\">Le si\u00e8ge de GARCIA FAURA \u00e0 Gav\u00e0<\/span><\/h2>[vc_row_inner][vc_column_inner width=\u00a0\u00bb2\/3&Prime;]<div class=\"vcex-spacing\" style=\"height:30px\"><\/div><div class=\"wpex-slider-preloaderimg\"><img loading=\"lazy\" decoding=\"async\" data-no-lazy=\"1\" class=\"skip-lazy\" src=\"https:\/\/www.garciafaura.com\/wp-content\/uploads\/2018\/11\/GARCIA_FAURA_Instalacions_Planta_Gava\u0300_03.jpg\" alt='' data-no-retina width=\"1200\" height=\"628\" \/><\/div><div class=\"vcex-module wpex-slider slider-pro vcex-image-slider clr wpex-lightbox-group\" data-auto-play-delay=\"5000\" data-buttons=\"false\" data-fade-arrows=\"false\" data-animation-speed=\"600\" data-auto-height=\"false\" data-thumbnail-height=\"70\" data-thumbnail-width=\"70\" data-show_title=\"false\"><div class=\"wpex-slider-slides sp-slides\"><div class=\"wpex-slider-slide sp-slide\"><div class=\"wpex-slider-media\"><a href=\"https:\/\/www.garciafaura.com\/wp-content\/uploads\/2018\/11\/GARCIA_FAURA_Instalacions_Planta_Gava\u0300_03.jpg\" class=\"vcex-flexslider-entry-img wpex-slider-media-link wpex-lightbox-group-item\" data-type=\"image\"><img loading=\"lazy\" decoding=\"async\" data-no-lazy=\"1\" class=\"skip-lazy\" src=\"https:\/\/www.garciafaura.com\/wp-content\/uploads\/2018\/11\/GARCIA_FAURA_Instalacions_Planta_Gava\u0300_03.jpg\" alt='' data-no-retina width=\"1200\" height=\"628\" \/><\/a><\/div><\/div><div class=\"wpex-slider-slide sp-slide\"><div class=\"wpex-slider-media\"><a href=\"https:\/\/www.garciafaura.com\/wp-content\/uploads\/2018\/11\/GARCIA_FAURA_Instalacions_Planta_Gava\u0300_02.jpg\" class=\"vcex-flexslider-entry-img wpex-slider-media-link wpex-lightbox-group-item\" data-type=\"image\"><img loading=\"lazy\" decoding=\"async\" data-no-lazy=\"1\" class=\"skip-lazy\" src=\"https:\/\/www.garciafaura.com\/wp-content\/uploads\/2018\/11\/GARCIA_FAURA_Instalacions_Planta_Gava\u0300_02.jpg\" alt='' data-no-retina width=\"1200\" height=\"628\" \/><\/a><\/div><\/div><div class=\"wpex-slider-slide sp-slide\"><div class=\"wpex-slider-media\"><a href=\"https:\/\/www.garciafaura.com\/wp-content\/uploads\/2018\/11\/GARCIA_FAURA_Instalacions_Planta_Gava\u0300_05.jpg\" class=\"vcex-flexslider-entry-img wpex-slider-media-link wpex-lightbox-group-item\" data-type=\"image\"><img loading=\"lazy\" decoding=\"async\" data-no-lazy=\"1\" class=\"skip-lazy\" src=\"https:\/\/www.garciafaura.com\/wp-content\/uploads\/2018\/11\/GARCIA_FAURA_Instalacions_Planta_Gava\u0300_05.jpg\" alt='' data-no-retina width=\"1200\" height=\"628\" \/><\/a><\/div><\/div><div class=\"wpex-slider-slide sp-slide\"><div class=\"wpex-slider-media\"><a href=\"https:\/\/www.garciafaura.com\/wp-content\/uploads\/2018\/11\/GARCIA_FAURA_Instalacions_Planta_Gava\u0300_08.jpg\" class=\"vcex-flexslider-entry-img wpex-slider-media-link wpex-lightbox-group-item\" data-type=\"image\"><img loading=\"lazy\" decoding=\"async\" data-no-lazy=\"1\" class=\"skip-lazy\" src=\"https:\/\/www.garciafaura.com\/wp-content\/uploads\/2018\/11\/GARCIA_FAURA_Instalacions_Planta_Gava\u0300_08.jpg\" alt='' data-no-retina width=\"1200\" height=\"628\" \/><\/a><\/div><\/div><div class=\"wpex-slider-slide sp-slide\"><div class=\"wpex-slider-media\"><a href=\"https:\/\/www.garciafaura.com\/wp-content\/uploads\/2018\/11\/GARCIA_FAURA_Instalacions_Planta_Gava\u0300_06.jpg\" class=\"vcex-flexslider-entry-img wpex-slider-media-link wpex-lightbox-group-item\" data-type=\"image\"><img loading=\"lazy\" decoding=\"async\" data-no-lazy=\"1\" class=\"skip-lazy\" src=\"https:\/\/www.garciafaura.com\/wp-content\/uploads\/2018\/11\/GARCIA_FAURA_Instalacions_Planta_Gava\u0300_06.jpg\" alt='' data-no-retina width=\"1200\" height=\"628\" \/><\/a><\/div><\/div><div class=\"wpex-slider-slide sp-slide\"><div class=\"wpex-slider-media\"><a href=\"https:\/\/www.garciafaura.com\/wp-content\/uploads\/2018\/11\/GARCIA_FAURA_Instalacions_Planta_Gava\u0300_09.jpg\" class=\"vcex-flexslider-entry-img wpex-slider-media-link wpex-lightbox-group-item\" data-type=\"image\"><img loading=\"lazy\" decoding=\"async\" data-no-lazy=\"1\" class=\"skip-lazy\" src=\"https:\/\/www.garciafaura.com\/wp-content\/uploads\/2018\/11\/GARCIA_FAURA_Instalacions_Planta_Gava\u0300_09.jpg\" alt='' data-no-retina width=\"1200\" height=\"628\" \/><\/a><\/div><\/div><div class=\"wpex-slider-slide sp-slide\"><div class=\"wpex-slider-media\"><a href=\"https:\/\/www.garciafaura.com\/wp-content\/uploads\/2018\/11\/GARCIA_FAURA_Instalacions_Planta_Gava\u0300_10.jpg\" class=\"vcex-flexslider-entry-img wpex-slider-media-link wpex-lightbox-group-item\" data-type=\"image\"><img loading=\"lazy\" decoding=\"async\" data-no-lazy=\"1\" class=\"skip-lazy\" src=\"https:\/\/www.garciafaura.com\/wp-content\/uploads\/2018\/11\/GARCIA_FAURA_Instalacions_Planta_Gava\u0300_10.jpg\" alt='' data-no-retina width=\"1200\" height=\"628\" \/><\/a><\/div><\/div><div class=\"wpex-slider-slide sp-slide\"><div class=\"wpex-slider-media\"><a href=\"https:\/\/www.garciafaura.com\/wp-content\/uploads\/2018\/11\/GARCIA_FAURA_Instalacions_Planta_Gava\u0300_07.jpg\" class=\"vcex-flexslider-entry-img wpex-slider-media-link wpex-lightbox-group-item\" data-type=\"image\"><img loading=\"lazy\" decoding=\"async\" data-no-lazy=\"1\" class=\"skip-lazy\" src=\"https:\/\/www.garciafaura.com\/wp-content\/uploads\/2018\/11\/GARCIA_FAURA_Instalacions_Planta_Gava\u0300_07.jpg\" alt='' data-no-retina width=\"1200\" height=\"628\" \/><\/a><\/div><\/div><div class=\"wpex-slider-slide sp-slide\"><div class=\"wpex-slider-media\"><a href=\"https:\/\/www.garciafaura.com\/wp-content\/uploads\/2018\/11\/GARCIA_FAURA_Instalacions_Planta_Gava\u0300_04.jpg\" class=\"vcex-flexslider-entry-img wpex-slider-media-link wpex-lightbox-group-item\" data-type=\"image\"><img loading=\"lazy\" decoding=\"async\" data-no-lazy=\"1\" class=\"skip-lazy\" src=\"https:\/\/www.garciafaura.com\/wp-content\/uploads\/2018\/11\/GARCIA_FAURA_Instalacions_Planta_Gava\u0300_04.jpg\" alt='' data-no-retina width=\"1200\" height=\"628\" \/><\/a><\/div><\/div><\/div><\/div>[\/vc_column_inner][vc_column_inner width=\u00a0\u00bb1\/3&Prime;]<div class=\"vcex-spacing\" style=\"height:30px\"><\/div>[vc_column_text]\n<ul>\n<li><span style=\"font-family: 'Open Sans'; font-size: 18px;\">Usine de 9000 m2 + 4600 m2 ext\u00e9rieur.<\/span><\/li>\n<li><span style=\"font-family: 'Open Sans'; font-size: 18px;\">Si\u00e8ge social, si\u00e8ge des secteurs technique, production, qualit\u00e9, commercial, administration et services internes.<\/span><\/li>\n<li><span style=\"font-family: 'Open Sans'; font-size: 18px;\">Zone de production et atelier \u00e9quip\u00e9s de 6 ponts roulants et de 5 quais de chargement.<\/span><\/li>\n<li><span style=\"font-family: 'Open Sans';\"><span style=\"font-size: 18px;\">Showroom sp\u00e9cialis\u00e9 dans les solutions pour fa\u00e7ades et fermetures.<\/span> <\/span><\/li>\n<\/ul>\n[\/vc_column_text][\/vc_column_inner][\/vc_row_inner][\/vc_column][\/vc_row][vc_row full_width=\u00a0\u00bbstretch_row\u00a0\u00bb typography_style=\u00a0\u00bbwhite\u00a0\u00bb][vc_column width=\u00a0\u00bb1\/2&Prime;]<h2 class=\"vcex-module vcex-heading vcex-heading-bottom-border-w-color\" style=\"color:#ffffff;font-weight:600;\"><span class=\"vcex-heading-inner clr\" style=\"border-color:#d7515e;\">Usine de production d'acier<\/span><\/h2><div class=\"vcex-spacing\" style=\"height:30px\"><\/div>[vc_column_text]\n<ul>\n<li><span style=\"font-family: 'Open Sans'; font-size: 18px;\">Usine sp\u00e9cifique de 2600 m\u00e8tres carr\u00e9s pour la production de fermetures en acier \u00e0 Gav\u00e0.<\/span><\/li>\n<\/ul>\n[\/vc_column_text]<div class=\"vcex-spacing\" style=\"height:30px\"><\/div>[vc_single_image image=\u00a0\u00bb15321&Prime;][\/vc_column][vc_column width=\u00a0\u00bb1\/2&Prime;]<h2 class=\"vcex-module vcex-heading vcex-heading-bottom-border-w-color\" style=\"color:#ffffff;font-weight:600;\"><span class=\"vcex-heading-inner clr\" style=\"border-color:#d7515e;\">D\u00e9l\u00e9gation technique et commerciale \u00e0 Madrid<\/span><\/h2><div class=\"vcex-spacing\" style=\"height:30px\"><\/div>[vc_column_text]\n<ul>\n<li><span style=\"font-family: 'Open Sans'; font-size: 18px;\">Bureau commercial, administratif et de repr\u00e9sentation pour le nord, le centre et le sud de l&rsquo;Espagne.<\/span><\/li>\n<\/ul>\n[\/vc_column_text]<div class=\"vcex-spacing\" style=\"height:30px\"><\/div>[vc_single_image image=\u00a0\u00bb19898&Prime;][\/vc_column][\/vc_row][vc_row full_width=\u00a0\u00bbstretch_row\u00a0\u00bb typography_style=\u00a0\u00bbwhite\u00a0\u00bb][vc_column width=\u00a0\u00bb1\/2&Prime;]<h2 class=\"vcex-module vcex-heading vcex-heading-bottom-border-w-color\" style=\"color:#ffffff;font-weight:600;\"><span class=\"vcex-heading-inner clr\" style=\"border-color:#d7515e;\">D\u00e9l\u00e9gation de GARCIA FAURA en Colombie<\/span><\/h2><div class=\"vcex-spacing\" style=\"height:30px\"><\/div>[vc_column_text]\n<ul>\n<li><span style=\"font-family: 'Open Sans'; font-size: 18px;\">D\u00e9l\u00e9gation commerciale et administrative.<\/span><\/li>\n<li><span style=\"font-family: 'Open Sans'; font-size: 18px;\">\u00c9quipe technique et d&rsquo;installation pour l&rsquo;ex\u00e9cution de projets dans la r\u00e9gion.<\/span><\/li>\n<\/ul>\n[\/vc_column_text]<div class=\"vcex-spacing\" style=\"height:30px\"><\/div>[vc_gmaps link=\u00a0\u00bb#E-8_JTNDaWZyYW1lJTIwc3JjJTNEJTIyaHR0cHMlM0ElMkYlMkZ3d3cuZ29vZ2xlLmNvbSUyRm1hcHMlMkZlbWJlZCUzRnBiJTNEJTIxMW0xOCUyMTFtMTIlMjExbTMlMjExZDMxODEyLjMzNDE0Nzc5Njg2OCUyMTJkLTc0LjA2NjU5NDYyMjUyODY0JTIxM2Q0LjY3NTQ1ODY2NzkyNzY1OSUyMTJtMyUyMTFmMCUyMTJmMCUyMTNmMCUyMTNtMiUyMTFpMTAyNCUyMTJpNzY4JTIxNGYxMy4xJTIxM20zJTIxMW0yJTIxMXMweDhlM2Y5YmVjNThiNGI4YTklMjUzQTB4NGE4ZWNiNWU0Yjg1MTQyMiUyMTJzR0FSQ0lBJTJCRkFVUkElMkJDT0xPTUJJQSUyMTVlMCUyMTNtMiUyMTFzY2ElMjEyc2VzJTIxNHYxNTQ1MTU0NzIwMzY0JTIyJTIwd2lkdGglM0QlMjI2MDAlMjIlMjBoZWlnaHQlM0QlMjI0NTAlMjIlMjBmcmFtZWJvcmRlciUzRCUyMjAlMjIlMjBzdHlsZSUzRCUyMmJvcmRlciUzQTAlMjIlMjBhbGxvd2Z1bGxzY3JlZW4lM0UlM0MlMkZpZnJhbWUlM0U=\u00a0\u00bb][\/vc_column][vc_column width=\u00a0\u00bb1\/2&Prime;]<h2 class=\"vcex-module vcex-heading vcex-heading-bottom-border-w-color\" style=\"color:#ffffff;font-weight:600;\"><span class=\"vcex-heading-inner clr\" style=\"border-color:#d7515e;\">D\u00e9l\u00e9gation de GARCIA FAURA en France<\/span><\/h2><div class=\"vcex-spacing\" style=\"height:30px\"><\/div>[vc_column_text]\n<ul>\n<li><span style=\"font-family: 'Open Sans'; font-size: 18px;\">Bureau commercial, administratif et de repr\u00e9sentation sur le territoire national.<\/span><\/li>\n<li><span style=\"font-size: 18px; font-family: 'Open Sans';\">Propre \u00e9quipe d&rsquo;installation de projets<\/span><\/li>\n<\/ul>\n[\/vc_column_text]<div class=\"vcex-spacing\" style=\"height:30px\"><\/div>[vc_gmaps link=\u00a0\u00bb#E-8_JTNDaWZyYW1lJTIwc3JjJTNEJTIyaHR0cHMlM0ElMkYlMkZ3d3cuZ29vZ2xlLmNvbSUyRm1hcHMlMkZlbWJlZCUzRnBiJTNEJTIxMW0xOCUyMTFtMTIlMjExbTMlMjExZDI2MjUuMjA2OTE3Mzg1MTAyOCUyMTJkMi4yODkwNTYxMTU0NzM5NzglMjEzZDQ4Ljg1NDI2NDU3OTI4NzA4JTIxMm0zJTIxMWYwJTIxMmYwJTIxM2YwJTIxM20yJTIxMWkxMDI0JTIxMmk3NjglMjE0ZjEzLjElMjEzbTMlMjExbTIlMjExczB4NDdlNjcxNjc2MjQ3MGY4YiUyNTNBMHhlY2U4M2QyODY3YTliZjAzJTIxMnNHQVJDSUElMkJGQVVSQSUyQkZSQU5DRSUyMTVlMCUyMTNtMiUyMTFzY2ElMjEyc2VzJTIxNHYxNTQ1MTU0NjM4Mjg5JTIyJTIwd2lkdGglM0QlMjI2MDAlMjIlMjBoZWlnaHQlM0QlMjI0NTAlMjIlMjBmcmFtZWJvcmRlciUzRCUyMjAlMjIlMjBzdHlsZSUzRCUyMmJvcmRlciUzQTAlMjIlMjBhbGxvd2Z1bGxzY3JlZW4lM0UlM0MlMkZpZnJhbWUlM0U=\u00a0\u00bb][\/vc_column][\/vc_row]\n<\/div>","protected":false},"excerpt":{"rendered":"<p>[vc_row full_width=\u00a0\u00bbstretch_row\u00a0\u00bb content_placement=\u00a0\u00bbmiddle\u00a0\u00bb parallax=\u00a0\u00bbcontent-moving\u00a0\u00bb parallax_image=\u00a0\u00bb15377&Prime; typography_style=\u00a0\u00bbwhite-shadow\u00a0\u00bb wpex_bg_overlay=\u00a0\u00bbdark\u00a0\u00bb min_height=\u00a0\u00bb460px\u00a0\u00bb wpex_bg_overlay_color=\u00a0\u00bb#000000&Prime; wpex_bg_overlay_opacity=\u00a0\u00bb0.45&Prime;][vc_column][vc_column_text] GARCIA FAURA dispose d&rsquo;installations de premi\u00e8re classe, de machines sp\u00e9cialis\u00e9es et de software sp\u00e9cifique pour la fabrication de tous les mat\u00e9riaux que nous fournissons, avec une politique d&rsquo;investissement annuelle con\u00e7ue&hellip;<\/p>\n","protected":false},"author":3,"featured_media":0,"parent":0,"menu_order":0,"comment_status":"closed","ping_status":"closed","template":"","meta":{"footnotes":""},"class_list":["post-21284","page","type-page","status-publish","hentry","entry","no-media"],"yoast_head":"<!-- This site is optimized with the Yoast SEO plugin v26.7 - https:\/\/yoast.com\/wordpress\/plugins\/seo\/ -->\n<title>Installations - GARCIA FAURA<\/title>\n<meta name=\"description\" content=\"Arquitectura en Alumini, Inox, Ferro i Vidre\" \/>\n<meta name=\"robots\" content=\"index, follow, max-snippet:-1, max-image-preview:large, max-video-preview:-1\" \/>\n<link rel=\"canonical\" href=\"https:\/\/www.garciafaura.com\/fr\/installations\/\" \/>\n<meta property=\"og:locale\" content=\"fr_FR\" \/>\n<meta property=\"og:type\" content=\"article\" \/>\n<meta property=\"og:title\" content=\"Installations - GARCIA FAURA\" \/>\n<meta property=\"og:description\" content=\"Arquitectura en Alumini, Inox, Ferro i Vidre\" \/>\n<meta property=\"og:url\" content=\"https:\/\/www.garciafaura.com\/fr\/installations\/\" \/>\n<meta property=\"og:site_name\" content=\"GARCIA FAURA\" \/>\n<meta property=\"article:modified_time\" content=\"2019-09-23T09:00:04+00:00\" \/>\n<meta name=\"twitter:card\" content=\"summary_large_image\" \/>\n<meta name=\"twitter:label1\" content=\"Dur\u00e9e de lecture estim\u00e9e\" \/>\n\t<meta name=\"twitter:data1\" content=\"3 minutes\" \/>\n<script type=\"application\/ld+json\" class=\"yoast-schema-graph\">{\"@context\":\"https:\/\/schema.org\",\"@graph\":[{\"@type\":\"WebPage\",\"@id\":\"https:\/\/www.garciafaura.com\/fr\/installations\/\",\"url\":\"https:\/\/www.garciafaura.com\/fr\/installations\/\",\"name\":\"Installations - GARCIA FAURA\",\"isPartOf\":{\"@id\":\"https:\/\/www.garciafaura.com\/fr\/#website\"},\"datePublished\":\"2019-06-02T12:23:36+00:00\",\"dateModified\":\"2019-09-23T09:00:04+00:00\",\"description\":\"Arquitectura en Alumini, Inox, Ferro i Vidre\",\"breadcrumb\":{\"@id\":\"https:\/\/www.garciafaura.com\/fr\/installations\/#breadcrumb\"},\"inLanguage\":\"fr-FR\",\"potentialAction\":[{\"@type\":\"ReadAction\",\"target\":[\"https:\/\/www.garciafaura.com\/fr\/installations\/\"]}]},{\"@type\":\"BreadcrumbList\",\"@id\":\"https:\/\/www.garciafaura.com\/fr\/installations\/#breadcrumb\",\"itemListElement\":[{\"@type\":\"ListItem\",\"position\":1,\"name\":\"Inici\",\"item\":\"https:\/\/www.garciafaura.com\/fr\/\"},{\"@type\":\"ListItem\",\"position\":2,\"name\":\"Installations\"}]},{\"@type\":\"WebSite\",\"@id\":\"https:\/\/www.garciafaura.com\/fr\/#website\",\"url\":\"https:\/\/www.garciafaura.com\/fr\/\",\"name\":\"GARCIA FAURA\",\"description\":\"Arquitectura en Alumini, Inox, Ferro i Vidre\",\"publisher\":{\"@id\":\"https:\/\/www.garciafaura.com\/fr\/#organization\"},\"potentialAction\":[{\"@type\":\"SearchAction\",\"target\":{\"@type\":\"EntryPoint\",\"urlTemplate\":\"https:\/\/www.garciafaura.com\/fr\/?s={search_term_string}\"},\"query-input\":{\"@type\":\"PropertyValueSpecification\",\"valueRequired\":true,\"valueName\":\"search_term_string\"}}],\"inLanguage\":\"fr-FR\"},{\"@type\":\"Organization\",\"@id\":\"https:\/\/www.garciafaura.com\/fr\/#organization\",\"name\":\"GARCIA FAURA\",\"url\":\"https:\/\/www.garciafaura.com\/fr\/\",\"logo\":{\"@type\":\"ImageObject\",\"inLanguage\":\"fr-FR\",\"@id\":\"https:\/\/www.garciafaura.com\/fr\/#\/schema\/logo\/image\/\",\"url\":\"https:\/\/www.garciafaura.com\/wp-content\/uploads\/2018\/09\/Garcia-Faura.png\",\"contentUrl\":\"https:\/\/www.garciafaura.com\/wp-content\/uploads\/2018\/09\/Garcia-Faura.png\",\"width\":512,\"height\":512,\"caption\":\"GARCIA FAURA\"},\"image\":{\"@id\":\"https:\/\/www.garciafaura.com\/fr\/#\/schema\/logo\/image\/\"},\"sameAs\":[\"https:\/\/www.youtube.com\/user\/GARCIAFAURA\"]}]}<\/script>\n<!-- \/ Yoast SEO plugin. -->","yoast_head_json":{"title":"Installations - GARCIA FAURA","description":"Arquitectura en Alumini, Inox, Ferro i Vidre","robots":{"index":"index","follow":"follow","max-snippet":"max-snippet:-1","max-image-preview":"max-image-preview:large","max-video-preview":"max-video-preview:-1"},"canonical":"https:\/\/www.garciafaura.com\/fr\/installations\/","og_locale":"fr_FR","og_type":"article","og_title":"Installations - GARCIA FAURA","og_description":"Arquitectura en Alumini, Inox, Ferro i Vidre","og_url":"https:\/\/www.garciafaura.com\/fr\/installations\/","og_site_name":"GARCIA FAURA","article_modified_time":"2019-09-23T09:00:04+00:00","twitter_card":"summary_large_image","twitter_misc":{"Dur\u00e9e de lecture estim\u00e9e":"3 minutes"},"schema":{"@context":"https:\/\/schema.org","@graph":[{"@type":"WebPage","@id":"https:\/\/www.garciafaura.com\/fr\/installations\/","url":"https:\/\/www.garciafaura.com\/fr\/installations\/","name":"Installations - GARCIA FAURA","isPartOf":{"@id":"https:\/\/www.garciafaura.com\/fr\/#website"},"datePublished":"2019-06-02T12:23:36+00:00","dateModified":"2019-09-23T09:00:04+00:00","description":"Arquitectura en Alumini, Inox, Ferro i Vidre","breadcrumb":{"@id":"https:\/\/www.garciafaura.com\/fr\/installations\/#breadcrumb"},"inLanguage":"fr-FR","potentialAction":[{"@type":"ReadAction","target":["https:\/\/www.garciafaura.com\/fr\/installations\/"]}]},{"@type":"BreadcrumbList","@id":"https:\/\/www.garciafaura.com\/fr\/installations\/#breadcrumb","itemListElement":[{"@type":"ListItem","position":1,"name":"Inici","item":"https:\/\/www.garciafaura.com\/fr\/"},{"@type":"ListItem","position":2,"name":"Installations"}]},{"@type":"WebSite","@id":"https:\/\/www.garciafaura.com\/fr\/#website","url":"https:\/\/www.garciafaura.com\/fr\/","name":"GARCIA FAURA","description":"Arquitectura en Alumini, Inox, Ferro i Vidre","publisher":{"@id":"https:\/\/www.garciafaura.com\/fr\/#organization"},"potentialAction":[{"@type":"SearchAction","target":{"@type":"EntryPoint","urlTemplate":"https:\/\/www.garciafaura.com\/fr\/?s={search_term_string}"},"query-input":{"@type":"PropertyValueSpecification","valueRequired":true,"valueName":"search_term_string"}}],"inLanguage":"fr-FR"},{"@type":"Organization","@id":"https:\/\/www.garciafaura.com\/fr\/#organization","name":"GARCIA FAURA","url":"https:\/\/www.garciafaura.com\/fr\/","logo":{"@type":"ImageObject","inLanguage":"fr-FR","@id":"https:\/\/www.garciafaura.com\/fr\/#\/schema\/logo\/image\/","url":"https:\/\/www.garciafaura.com\/wp-content\/uploads\/2018\/09\/Garcia-Faura.png","contentUrl":"https:\/\/www.garciafaura.com\/wp-content\/uploads\/2018\/09\/Garcia-Faura.png","width":512,"height":512,"caption":"GARCIA FAURA"},"image":{"@id":"https:\/\/www.garciafaura.com\/fr\/#\/schema\/logo\/image\/"},"sameAs":["https:\/\/www.youtube.com\/user\/GARCIAFAURA"]}]}},"_links":{"self":[{"href":"https:\/\/www.garciafaura.com\/fr\/wp-json\/wp\/v2\/pages\/21284","targetHints":{"allow":["GET"]}}],"collection":[{"href":"https:\/\/www.garciafaura.com\/fr\/wp-json\/wp\/v2\/pages"}],"about":[{"href":"https:\/\/www.garciafaura.com\/fr\/wp-json\/wp\/v2\/types\/page"}],"author":[{"embeddable":true,"href":"https:\/\/www.garciafaura.com\/fr\/wp-json\/wp\/v2\/users\/3"}],"replies":[{"embeddable":true,"href":"https:\/\/www.garciafaura.com\/fr\/wp-json\/wp\/v2\/comments?post=21284"}],"version-history":[{"count":4,"href":"https:\/\/www.garciafaura.com\/fr\/wp-json\/wp\/v2\/pages\/21284\/revisions"}],"predecessor-version":[{"id":23713,"href":"https:\/\/www.garciafaura.com\/fr\/wp-json\/wp\/v2\/pages\/21284\/revisions\/23713"}],"wp:attachment":[{"href":"https:\/\/www.garciafaura.com\/fr\/wp-json\/wp\/v2\/media?parent=21284"}],"curies":[{"name":"wp","href":"https:\/\/api.w.org\/{rel}","templated":true}]}}