{"id":20655,"date":"2019-05-27T11:23:11","date_gmt":"2019-05-27T11:23:11","guid":{"rendered":"https:\/\/www.garciafaura.com\/politique-en-matiere-de-cookies\/"},"modified":"2019-06-12T13:03:03","modified_gmt":"2019-06-12T13:03:03","slug":"politique-en-matiere-de-cookies","status":"publish","type":"page","link":"https:\/\/www.garciafaura.com\/fr\/politique-en-matiere-de-cookies\/","title":{"rendered":"Politique en mati\u00e8re de cookies"},"content":{"rendered":"<div class=\"wpb-content-wrapper\">[vc_row][vc_column][vc_column_text]\n<h2>INFORMATION SUR LES COOKIES<\/h2>\n<p>En raison de l&rsquo;entr\u00e9e en vigueur de la modification de la \u00ab\u00a0Loi des Services de la Societ\u00e9 et de l&rsquo;Information\u00a0\u00bb (LSSICE) \u00e9tablie par le D\u00e9cret Royal 13\/2012, il est obligatoire d&rsquo;obtenir l&rsquo;autorisation expresse de l&rsquo;utilisateur de tous les sites web qui utilisent des cookies non indispensables, avant que ce dernier n&rsquo;y navigue.<\/p>\n<h3>QU&rsquo;EST-CE QUE LES COOKIES ?<\/h3>\n<p>Les cookies et autres technologies similaires telles que local shared objects, flash cookies ou fixels sont des outils utilis\u00e9s par les serveurs web pour stocker et collecter des informations au sujet de leurs visiteurs, ainsi que pour assurer un fonctionnement correct du site. Gr\u00e2ce \u00e0 ces dispositifs, on permet au serveur web de se rappeler de certaines donn\u00e9es concernant l&rsquo;utilisateur, comme par exemple ses pr\u00e9f\u00e9rences pour l&rsquo;affichage des pages de ce serveur, le nom et le mot de passe, les produits qui l&rsquo;int\u00e9ressent le plus, etc.<\/p>\n<h3>COOKIES CONCERN\u00c9S PAR LA R\u00c9GLEMENTATION ET COOKIES EXEMPT\u00c9S<\/h3>\n<p>D&rsquo;apr\u00e8s la directive de l&rsquo;UE, les cookies qui requi\u00e8rent le consentement \u00e9clair\u00e9 de l&rsquo;utilisateur sont les cookies analytiques et ceux de publicit\u00e9 et d&rsquo;affiliation, \u00e0 l&rsquo;exception des cookies de nature technique et ceux n\u00e9cessaires au bon fonctionnement du site web ou \u00e0 la prestation de services express\u00e9ment demand\u00e9s par l&rsquo;utilisateur.<\/p>\n<h4>QUEL GENRE DE COOKIES Y A-T-IL ?<\/h4>\n<p>Il existe cinq grands groupes de cookies :<\/p>\n<ul>\n<li>Les cookies analytiques : ils collectent l&rsquo;information sur l&rsquo;utilisation faite du site web.<\/li>\n<li>Cookies sociaux : ceux n\u00e9cessaires pour les r\u00e9seaux sociaux externes.<\/li>\n<li>Cookies affili\u00e9s : ils permettent de r\u00e9aliser le suivi des visites provenant d&rsquo;autres sites web avec lesquelles le site web a \u00e9tabli un contrat d&rsquo;affiliation (entreprises d&rsquo;affiliation).<\/li>\n<li>Cookies de publicit\u00e9 et comportement : ils collectent de l&rsquo;information sur les pr\u00e9f\u00e9rences et les choix personnels de l&rsquo;utilisateur (retargeting)<\/li>\n<li>Cookies techniques et fonctionnels : ceux strictement n\u00e9cessaires pour l&rsquo;utilisation du site web et pour la prestation du service contractuel.<\/li>\n<\/ul>\n<h5>COOKIES QUE NOUS UTILISONS DANS NOTRE SITE WEB<\/h5>\n<p><em>PHPSESSID :<\/em> cookie technique et strictement n\u00e9cessaire qui contient l&rsquo;identifiant de session. Il est supprim\u00e9 \u00e0 la fermeture du navigateur.<\/p>\n<p><em>lang :<\/em> cookie technique et strictement n\u00e9cessaire contenant la langue de la session. Il est supprim\u00e9 \u00e0 la fermeture du navigateur.<\/p>\n<p><em>ac_cookies :<\/em> cookie technique et strictement n\u00e9cessaire qui indique si l&rsquo;installation de cookies a \u00e9t\u00e9 accept\u00e9e. Il dispara\u00eet 1 an apr\u00e8s la derni\u00e8re mise \u00e0 jour.<\/p>\n<p><em>_ga :<\/em> cookie de Google Analytics Universal qui active la fonction de contr\u00f4le des consultations uniques. La premi\u00e8re fois qu&rsquo;un utilisateur acc\u00e8de au site web \u00e0 travers un navigateur, ce cookie est install\u00e9. Lorsque l&rsquo;utilisateur acc\u00e8de de nouveau au site web avec le m\u00eame navigateur, le cookie consid\u00e8re qu&rsquo;il s&rsquo;agit du m\u00eame utilisateur. Seulement dans le cas o\u00f9 l&rsquo;utilisateur utilise un autre navigateur, il sera consid\u00e9r\u00e9 comme un autre utilisateur. Il dispara\u00eet 2 ans apr\u00e8s la derni\u00e8re mise \u00e0 jour.<\/p>\n<p><em>_gat <\/em>: Ce cookie est associ\u00e9 \u00e0 Google Analytics Universal. Il est utilis\u00e9 pour limiter la vitesse de demande &#8211; la limite de la collecte de donn\u00e9es dans les sites \u00e0 fort trafic. Il dispara\u00eet 10 minutes apr\u00e8s.<\/p>\n<p><em>_utma<\/em> : cookie de Google Analytics qui enregistre la date de la premi\u00e8re et la derni\u00e8re fois que l&rsquo;utilisateur a acc\u00e9d\u00e9 au site web. Il dispara\u00eet 2 ans apr\u00e8s la derni\u00e8re mise \u00e0 jour.<\/p>\n<p><em>_utmb<\/em> : cookie de Google Analytics qui enregistre l&rsquo;heure d&rsquo;arriv\u00e9e au site web. Il dispara\u00eet 30 minutes apr\u00e8s la derni\u00e8re mise \u00e0 jour.<\/p>\n<p><em>_utmc<\/em> : cookie de Google Analytics utilis\u00e9 pour l&rsquo;interop\u00e9rabilit\u00e9 avec le code de suivi urchin.js. Il est supprim\u00e9 \u00e0 la fermeture du navigateur.<\/p>\n<p><em>_utmt<\/em> : cookie de Google Analytics utilis\u00e9 pour traiter le type de demande faite par l&rsquo;utilisateur. Il dispara\u00eet \u00e0 la fin de la session.<\/p>\n<p><em>_utmv :<\/em> cookie de Google Analytics utilis\u00e9 pour segmenter des donn\u00e9es d\u00e9mographiques. Il dispara\u00eet \u00e0 la fin de la session.<\/p>\n<p><em>_utmz :<\/em> cookie de Google Analytics qui stocke la source de trafic ou une campagne pour expliquer comment l&rsquo;utilisateur a acc\u00e9d\u00e9 au site web. Il dispara\u00eet 6 mois apr\u00e8s la derni\u00e8re mise \u00e0 jour.<\/p>\n<h5>R\u00c9VOCATION DU CONSENTEMENT POUR INSTALLER DES COOKIES<\/h5>\n<h6>COMMENT SUPPRIMER LES COOKIES DU NAVIGATEUR<\/h6>\n<p><strong>Chrome<\/strong><\/p>\n<ol>\n<li>S\u00e9lectionnez l&rsquo;ic\u00f4ne de la barre d&rsquo;Outils<\/li>\n<li>Cliquez sur \u00ab\u00a0Configuration\u00a0\u00bb.<\/li>\n<li>Cliquez sur \u00ab\u00a0Affiche des Options Avanc\u00e9es\u00a0\u00bb<\/li>\n<li>Dans la section \u00ab\u00a0Confidentialit\u00e9\u00a0\u00bb cliquez sur \u00ab\u00a0Param\u00e8tres de contenu\u00a0\u00bb.\n<ul>\n<li>Supprimer des cookies : Cliquez sur \u00ab\u00a0Tous les cookies et donn\u00e9es du site\u00a0\u00bb.<\/li>\n<li>Ne pas permettre que des cookies soient stock\u00e9s.<\/li>\n<\/ul>\n<\/li>\n<li>Cliquez sur \u00ab\u00a0Supprimer donn\u00e9es de navigation\u00a0\u00bb (vider le Cache).<\/li>\n<li>Fermez et red\u00e9marrez le navigateur.<\/li>\n<\/ol>\n<p>Pour en savoir plus sur Chrome, <a href=\"http:\/\/support.google.com\/chrome\/answer\/95647?hl=es\" target=\"_blank\" rel=\"noopener\">cliquez ici.<\/a><\/p>\n<div class=\"vcex-module vcex-divider vcex-divider-solid\" style=\"width:100%;margin-top:20px;margin-bottom:20px;border-top-width:1px;border-color:#dddddd;\"><\/div>\n<p><strong>Internet Explorer. Version 11<\/strong><\/p>\n<ol>\n<li>S\u00e9lectionner \u00ab\u00a0Outils | Options d&rsquo;Internet\u00a0\u00bb.<\/li>\n<li>Cliquez sur l&rsquo;onglet G\u00e9n\u00e9ral.<\/li>\n<li>Dans la section \u00ab\u00a0Historique de navigation\u00a0\u00bb, cliquez sur \u00ab\u00a0Supprimer l&rsquo;historique de navigation en sortant\u00a0\u00bb.<\/li>\n<li>S\u00e9lectionner \u00ab\u00a0Supprimer les fichiers\u00a0\u00bb.<\/li>\n<li>S\u00e9lectionner \u00ab\u00a0Supprimer les cookies\u00a0\u00bb.<\/li>\n<li>Cliquez sur \u00ab\u00a0Supprimer\u00a0\u00bb.<\/li>\n<li>Cliquez sur \u00ab\u00a0OK\u00a0\u00bb.<\/li>\n<li>Fermez et red\u00e9marrez le navigateur.<\/li>\n<\/ol>\n<p>Pour en savoir plus sur Internet Explorer, <a href=\"http:\/\/windows.microsoft.com\/es-419\/windows7\/how-to-manage-cookies-in-internet-explorer-9\" target=\"_blank\" rel=\"noopener\">cliquez ici<\/a><\/p>\n<div class=\"vcex-module vcex-divider vcex-divider-solid\" style=\"width:100%;margin-top:20px;margin-bottom:20px;border-top-width:1px;border-color:#dddddd;\"><\/div>\n<p><strong>Firefox. Version 18<\/strong><\/p>\n<ol>\n<li>S\u00e9lectionner \u00ab\u00a0Firefox | Historique | Effacer l&rsquo;historique r\u00e9cent\u00a0\u00bb.<\/li>\n<li>\u00c0 c\u00f4t\u00e9 de \u00ab\u00a0D\u00e9tails\u00a0\u00bb, cliquez sur la fl\u00e8che vers le bas.<\/li>\n<li>S\u00e9lectionnez les cases de v\u00e9rification suivantes : Cookies, Cache, Connexions d&rsquo;utilisateur actives<\/li>\n<li>Dans le menu d\u00e9filant \u00ab\u00a0Intervalle \u00e0 effacer\u00a0\u00bb, choisissez \u00ab\u00a0Tout\u00a0\u00bb.<\/li>\n<li>Cliquez sur \u00ab\u00a0Supprimer maintenant\u00a0\u00bb.<\/li>\n<li>Fermez et red\u00e9marrez le navigateur.<\/li>\n<\/ol>\n<p>Vous pouvez accepter ou refuser les cookies individuellement dans les Pr\u00e9f\u00e9rences de Firefox, dans la section \u00ab\u00a0Historique\u00a0\u00bb disponible sur \u00ab\u00a0Outils\u00a0\u00bb&gt; Options&gt; Confidentialit\u00e9. Pour en savoir plus sur Mozilla Firefox, <a href=\"https:\/\/www.mozilla.org\/es-ES\/privacy\/websites\/#cookies\" target=\"_blank\" rel=\"noopener\">cliquez ici<\/a>.<\/p>\n<div class=\"vcex-module vcex-divider vcex-divider-solid\" style=\"width:100%;margin-top:20px;margin-bottom:20px;border-top-width:1px;border-color:#dddddd;\"><\/div>\n<p><strong>Safari Version 5.1<\/strong><\/p>\n<ol>\n<li>S\u00e9lectionnez l&rsquo;ic\u00f4ne de Safari \/ \u00c9diter | R\u00e9tablir Safari.<\/li>\n<li>S\u00e9lectionnez les cases \u00e0 cocher suivantes : \u00ab\u00a0Supprimer l&rsquo;historique\u00a0\u00bb, \u00ab\u00a0Supprimer toutes les donn\u00e9es de site web\u00a0\u00bb<\/li>\n<li>Cliquez sur \u00ab\u00a0R\u00e9tablir\u00a0\u00bb.<\/li>\n<li>Fermez et red\u00e9marrez le navigateur.<\/li>\n<\/ol>\n<p>Pour en savoir plus sur Safari, <a href=\"http:\/\/support.apple.com\/kb\/PH5042\" target=\"_blank\" rel=\"noopener\">cliquez ici.<\/a><\/p>\n<div class=\"vcex-module vcex-divider vcex-divider-solid\" style=\"width:100%;margin-top:20px;margin-bottom:20px;border-top-width:1px;border-color:#dddddd;\"><\/div>\n<p><strong>Opera<\/strong><\/p>\n<p>Options &#8211; Avanc\u00e9 &#8211; Cookies.<br \/>\nLes options de cookies contr\u00f4lent la mani\u00e8re dont Opera les g\u00e8re et, par cons\u00e9quent, leur acceptation ou refus. Pour en savoir plus sur Opera, <a href=\"http:\/\/help.opera.com\/Linux\/10.60\/es-ES\/cookies.html\" target=\"_blank\" rel=\"noopener\">cliquez ici<\/a>.<\/p>\n<p><strong>Autres navigateurs : <\/strong><\/p>\n<p>Consulter la documentation du navigateur que vous avez install\u00e9.<\/p>\n[\/vc_column_text][\/vc_column][\/vc_row]\n<\/div>","protected":false},"excerpt":{"rendered":"<p>[vc_row][vc_column][vc_column_text] INFORMATION SUR LES COOKIES En raison de l&rsquo;entr\u00e9e en vigueur de la modification de la \u00ab\u00a0Loi des Services de la Societ\u00e9 et de l&rsquo;Information\u00a0\u00bb (LSSICE) \u00e9tablie par le D\u00e9cret Royal 13\/2012, il est obligatoire d&rsquo;obtenir l&rsquo;autorisation expresse de l&rsquo;utilisateur&hellip;<\/p>\n","protected":false},"author":3,"featured_media":0,"parent":0,"menu_order":0,"comment_status":"closed","ping_status":"closed","template":"","meta":{"footnotes":""},"class_list":["post-20655","page","type-page","status-publish","hentry","entry","no-media"],"yoast_head":"<!-- This site is optimized with the Yoast SEO plugin v26.7 - https:\/\/yoast.com\/wordpress\/plugins\/seo\/ -->\n<title>Politique en mati\u00e8re de cookies - GARCIA FAURA<\/title>\n<meta name=\"description\" content=\"Arquitectura en Alumini, Inox, Ferro i Vidre\" \/>\n<meta name=\"robots\" content=\"index, follow, max-snippet:-1, max-image-preview:large, max-video-preview:-1\" \/>\n<link rel=\"canonical\" href=\"https:\/\/www.garciafaura.com\/fr\/politique-en-matiere-de-cookies\/\" \/>\n<meta property=\"og:locale\" content=\"fr_FR\" \/>\n<meta property=\"og:type\" content=\"article\" \/>\n<meta property=\"og:title\" content=\"Politique en mati\u00e8re de cookies - GARCIA FAURA\" \/>\n<meta property=\"og:description\" content=\"Arquitectura en Alumini, Inox, Ferro i Vidre\" \/>\n<meta property=\"og:url\" content=\"https:\/\/www.garciafaura.com\/fr\/politique-en-matiere-de-cookies\/\" \/>\n<meta property=\"og:site_name\" content=\"GARCIA FAURA\" \/>\n<meta property=\"article:modified_time\" content=\"2019-06-12T13:03:03+00:00\" \/>\n<meta name=\"twitter:card\" content=\"summary_large_image\" \/>\n<meta name=\"twitter:label1\" content=\"Dur\u00e9e de lecture estim\u00e9e\" \/>\n\t<meta name=\"twitter:data1\" content=\"5 minutes\" \/>\n<script type=\"application\/ld+json\" class=\"yoast-schema-graph\">{\"@context\":\"https:\/\/schema.org\",\"@graph\":[{\"@type\":\"WebPage\",\"@id\":\"https:\/\/www.garciafaura.com\/fr\/politique-en-matiere-de-cookies\/\",\"url\":\"https:\/\/www.garciafaura.com\/fr\/politique-en-matiere-de-cookies\/\",\"name\":\"Politique en mati\u00e8re de cookies - GARCIA FAURA\",\"isPartOf\":{\"@id\":\"https:\/\/www.garciafaura.com\/fr\/#website\"},\"datePublished\":\"2019-05-27T11:23:11+00:00\",\"dateModified\":\"2019-06-12T13:03:03+00:00\",\"description\":\"Arquitectura en Alumini, Inox, Ferro i Vidre\",\"breadcrumb\":{\"@id\":\"https:\/\/www.garciafaura.com\/fr\/politique-en-matiere-de-cookies\/#breadcrumb\"},\"inLanguage\":\"fr-FR\",\"potentialAction\":[{\"@type\":\"ReadAction\",\"target\":[\"https:\/\/www.garciafaura.com\/fr\/politique-en-matiere-de-cookies\/\"]}]},{\"@type\":\"BreadcrumbList\",\"@id\":\"https:\/\/www.garciafaura.com\/fr\/politique-en-matiere-de-cookies\/#breadcrumb\",\"itemListElement\":[{\"@type\":\"ListItem\",\"position\":1,\"name\":\"Inici\",\"item\":\"https:\/\/www.garciafaura.com\/fr\/\"},{\"@type\":\"ListItem\",\"position\":2,\"name\":\"Politique en mati\u00e8re de cookies\"}]},{\"@type\":\"WebSite\",\"@id\":\"https:\/\/www.garciafaura.com\/fr\/#website\",\"url\":\"https:\/\/www.garciafaura.com\/fr\/\",\"name\":\"GARCIA FAURA\",\"description\":\"Arquitectura en Alumini, Inox, Ferro i Vidre\",\"publisher\":{\"@id\":\"https:\/\/www.garciafaura.com\/fr\/#organization\"},\"potentialAction\":[{\"@type\":\"SearchAction\",\"target\":{\"@type\":\"EntryPoint\",\"urlTemplate\":\"https:\/\/www.garciafaura.com\/fr\/?s={search_term_string}\"},\"query-input\":{\"@type\":\"PropertyValueSpecification\",\"valueRequired\":true,\"valueName\":\"search_term_string\"}}],\"inLanguage\":\"fr-FR\"},{\"@type\":\"Organization\",\"@id\":\"https:\/\/www.garciafaura.com\/fr\/#organization\",\"name\":\"GARCIA FAURA\",\"url\":\"https:\/\/www.garciafaura.com\/fr\/\",\"logo\":{\"@type\":\"ImageObject\",\"inLanguage\":\"fr-FR\",\"@id\":\"https:\/\/www.garciafaura.com\/fr\/#\/schema\/logo\/image\/\",\"url\":\"https:\/\/www.garciafaura.com\/wp-content\/uploads\/2018\/09\/Garcia-Faura.png\",\"contentUrl\":\"https:\/\/www.garciafaura.com\/wp-content\/uploads\/2018\/09\/Garcia-Faura.png\",\"width\":512,\"height\":512,\"caption\":\"GARCIA FAURA\"},\"image\":{\"@id\":\"https:\/\/www.garciafaura.com\/fr\/#\/schema\/logo\/image\/\"},\"sameAs\":[\"https:\/\/www.youtube.com\/user\/GARCIAFAURA\"]}]}<\/script>\n<!-- \/ Yoast SEO plugin. -->","yoast_head_json":{"title":"Politique en mati\u00e8re de cookies - GARCIA FAURA","description":"Arquitectura en Alumini, Inox, Ferro i Vidre","robots":{"index":"index","follow":"follow","max-snippet":"max-snippet:-1","max-image-preview":"max-image-preview:large","max-video-preview":"max-video-preview:-1"},"canonical":"https:\/\/www.garciafaura.com\/fr\/politique-en-matiere-de-cookies\/","og_locale":"fr_FR","og_type":"article","og_title":"Politique en mati\u00e8re de cookies - GARCIA FAURA","og_description":"Arquitectura en Alumini, Inox, Ferro i Vidre","og_url":"https:\/\/www.garciafaura.com\/fr\/politique-en-matiere-de-cookies\/","og_site_name":"GARCIA FAURA","article_modified_time":"2019-06-12T13:03:03+00:00","twitter_card":"summary_large_image","twitter_misc":{"Dur\u00e9e de lecture estim\u00e9e":"5 minutes"},"schema":{"@context":"https:\/\/schema.org","@graph":[{"@type":"WebPage","@id":"https:\/\/www.garciafaura.com\/fr\/politique-en-matiere-de-cookies\/","url":"https:\/\/www.garciafaura.com\/fr\/politique-en-matiere-de-cookies\/","name":"Politique en mati\u00e8re de cookies - GARCIA FAURA","isPartOf":{"@id":"https:\/\/www.garciafaura.com\/fr\/#website"},"datePublished":"2019-05-27T11:23:11+00:00","dateModified":"2019-06-12T13:03:03+00:00","description":"Arquitectura en Alumini, Inox, Ferro i Vidre","breadcrumb":{"@id":"https:\/\/www.garciafaura.com\/fr\/politique-en-matiere-de-cookies\/#breadcrumb"},"inLanguage":"fr-FR","potentialAction":[{"@type":"ReadAction","target":["https:\/\/www.garciafaura.com\/fr\/politique-en-matiere-de-cookies\/"]}]},{"@type":"BreadcrumbList","@id":"https:\/\/www.garciafaura.com\/fr\/politique-en-matiere-de-cookies\/#breadcrumb","itemListElement":[{"@type":"ListItem","position":1,"name":"Inici","item":"https:\/\/www.garciafaura.com\/fr\/"},{"@type":"ListItem","position":2,"name":"Politique en mati\u00e8re de cookies"}]},{"@type":"WebSite","@id":"https:\/\/www.garciafaura.com\/fr\/#website","url":"https:\/\/www.garciafaura.com\/fr\/","name":"GARCIA FAURA","description":"Arquitectura en Alumini, Inox, Ferro i Vidre","publisher":{"@id":"https:\/\/www.garciafaura.com\/fr\/#organization"},"potentialAction":[{"@type":"SearchAction","target":{"@type":"EntryPoint","urlTemplate":"https:\/\/www.garciafaura.com\/fr\/?s={search_term_string}"},"query-input":{"@type":"PropertyValueSpecification","valueRequired":true,"valueName":"search_term_string"}}],"inLanguage":"fr-FR"},{"@type":"Organization","@id":"https:\/\/www.garciafaura.com\/fr\/#organization","name":"GARCIA FAURA","url":"https:\/\/www.garciafaura.com\/fr\/","logo":{"@type":"ImageObject","inLanguage":"fr-FR","@id":"https:\/\/www.garciafaura.com\/fr\/#\/schema\/logo\/image\/","url":"https:\/\/www.garciafaura.com\/wp-content\/uploads\/2018\/09\/Garcia-Faura.png","contentUrl":"https:\/\/www.garciafaura.com\/wp-content\/uploads\/2018\/09\/Garcia-Faura.png","width":512,"height":512,"caption":"GARCIA FAURA"},"image":{"@id":"https:\/\/www.garciafaura.com\/fr\/#\/schema\/logo\/image\/"},"sameAs":["https:\/\/www.youtube.com\/user\/GARCIAFAURA"]}]}},"_links":{"self":[{"href":"https:\/\/www.garciafaura.com\/fr\/wp-json\/wp\/v2\/pages\/20655","targetHints":{"allow":["GET"]}}],"collection":[{"href":"https:\/\/www.garciafaura.com\/fr\/wp-json\/wp\/v2\/pages"}],"about":[{"href":"https:\/\/www.garciafaura.com\/fr\/wp-json\/wp\/v2\/types\/page"}],"author":[{"embeddable":true,"href":"https:\/\/www.garciafaura.com\/fr\/wp-json\/wp\/v2\/users\/3"}],"replies":[{"embeddable":true,"href":"https:\/\/www.garciafaura.com\/fr\/wp-json\/wp\/v2\/comments?post=20655"}],"version-history":[{"count":5,"href":"https:\/\/www.garciafaura.com\/fr\/wp-json\/wp\/v2\/pages\/20655\/revisions"}],"predecessor-version":[{"id":22448,"href":"https:\/\/www.garciafaura.com\/fr\/wp-json\/wp\/v2\/pages\/20655\/revisions\/22448"}],"wp:attachment":[{"href":"https:\/\/www.garciafaura.com\/fr\/wp-json\/wp\/v2\/media?parent=20655"}],"curies":[{"name":"wp","href":"https:\/\/api.w.org\/{rel}","templated":true}]}}