{"id":20649,"date":"2019-05-27T11:23:06","date_gmt":"2019-05-27T11:23:06","guid":{"rendered":"https:\/\/www.garciafaura.com\/entreprise\/"},"modified":"2022-09-08T11:33:49","modified_gmt":"2022-09-08T09:33:49","slug":"entreprise","status":"publish","type":"page","link":"https:\/\/www.garciafaura.com\/fr\/entreprise\/","title":{"rendered":"Entreprise"},"content":{"rendered":"<div class=\"wpb-content-wrapper\">[vc_row full_width=\u00a0\u00bbstretch_row\u00a0\u00bb typography_style=\u00a0\u00bblight\u00a0\u00bb][vc_column width=\u00a0\u00bb1\/4&Prime;][vc_single_image image=\u00a0\u00bb76&Prime; img_size=\u00a0\u00bbthumbnail\u00a0\u00bb alignment=\u00a0\u00bbcenter\u00a0\u00bb][\/vc_column][vc_column width=\u00a0\u00bb3\/4&Prime;][vc_column_text]<span style=\"font-family: 'Open Sans'; font-size: 18px;\"><strong>GARCIA FAURA<\/strong> est l&rsquo;entreprise pionni\u00e8re dans le d\u00e9veloppement de fa\u00e7ades modulaires, murs-rideaux et fermetures en aluminium et verre. Une compagnie aux racines familiales, fond\u00e9e en 1888 et \u00e0 projection internationale. Son si\u00e8ge central se trouve \u00e0 Gav\u00e0 (Barcelone), avec des d\u00e9l\u00e9gations en Colombie et en France.<\/span><\/p>\n<p><span style=\"font-family: 'Open Sans'; font-size: 18px;\">Nous sommes fiers d&rsquo;offrir ce que nous appelons leadership de proximit\u00e9 : la potentialit\u00e9 d&rsquo;une entreprise reconnue qui privil\u00e9gie les rapports proches et directs. Un leadership qui est le fruit de l&rsquo;\u00e9lan, l&rsquo;effort et l&rsquo;engagement de l&rsquo;\u00e9quipe de professionnels de GARCIA FAURA, qui s&rsquo;investit dans un travail qui nous passionne.<\/span><\/p>\n<p><span style=\"font-family: 'Open Sans'; font-size: 18px;\">Parce que nous croyons en ce que nous faisons et nous nous effor\u00e7ons au quotidien pour continuer \u00e0 nous projeter dans l&rsquo;avenir. Dans le but d&rsquo;\u00eatre les meilleurs partenaires pour vos projets de construction.<\/span>[\/vc_column_text][\/vc_column][\/vc_row][vc_row][vc_column css_animation=\u00a0\u00bbfadeInDown\u00a0\u00bb typography_style=\u00a0\u00bbwhite\u00a0\u00bb][vc_text_separator title=\u00a0\u00bb130 ans d&rsquo;exp\u00e9rience et innovation\u00a0\u00bb color=\u00a0\u00bbcustom\u00a0\u00bb accent_color=\u00a0\u00bb#dd3333&Prime; css=\u00a0\u00bb.vc_custom_1571761318596{margin-top: 30px !important;margin-bottom: 30px !important;border-top-width: 0.5px !important;border-bottom-width: 0.5px !important;padding-top: 15px !important;padding-bottom: 15px !important;}\u00a0\u00bb][\/vc_column][\/vc_row][vc_row][vc_column typography_style=\u00a0\u00bbwhite\u00a0\u00bb][vc_single_image image=\u00a0\u00bb16659&Prime; css_animation=\u00a0\u00bbfadeIn\u00a0\u00bb][\/vc_column][\/vc_row][vc_row][vc_column width=\u00a0\u00bb5\/6&Prime; css=\u00a0\u00bb.vc_custom_1545153377327{margin-right: 30px !important;border-right-width: 0.5px !important;padding-right: 15px !important;border-right-color: #ffffff !important;border-right-style: solid !important;}\u00a0\u00bb][vc_column_text color=\u00a0\u00bb#9e9e9e\u00a0\u00bb]<span style=\"font-family: 'Open Sans'; font-size: 18px;\">Peu d&rsquo;entreprises du secteur peuvent dire que leurs origines remontent \u00e0 1888. C&rsquo;est alors qu&rsquo;a vu le jour <strong>GARCIA FAURA<\/strong>, d&rsquo;abord comme la forge de Gav\u00e0, ensuite comme serrurerie et ainsi jusqu&rsquo;\u00e0 nos jours. Cinq g\u00e9n\u00e9rations d&rsquo;une famille qui a su s&rsquo;adapter \u00e0 chaque \u00e9tape et a \u00e9volu\u00e9 au m\u00eame rythme que la soci\u00e9t\u00e9.<\/span><\/p>\n<p><span style=\"font-family: 'Open Sans'; font-size: 18px;\">Les fers \u00e0 cheval ont laiss\u00e9 la place \u00e0 l&rsquo;artisanat en fer. Les premi\u00e8res grilles ouvrirent la voie aux fen\u00eatres en aluminium, jusqu&rsquo;\u00e0 proposer des fermetures m\u00e9talliques et des fa\u00e7ades vitr\u00e9es en tout genre. Cet atelier familial est devenu une entreprise pionni\u00e8re dans ce secteur, une r\u00e9f\u00e9rence dans le territoire, un moteur \u00e9conomique et g\u00e9n\u00e9rateur d&#8217;emploi.<\/span><\/p>\n<p><span style=\"font-family: 'Open Sans'; font-size: 18px;\">\u00c0 pr\u00e9sent, en plein XXI\u00e8me si\u00e8cle, <strong>GARCIA FAURA<\/strong> se tourne vers l&rsquo;avenir en \u00e9tant consciente du fait que l&rsquo;innovation, le d\u00e9veloppement constant et les nouveaux d\u00e9fis sont la cl\u00e9 pour continuer \u00e0 progresser.<\/span><\/p>\n<p><span style=\"font-family: 'Open Sans'; font-size: 18px;\">Et tout cela, comme toujours, en veillant \u00e0 la qualit\u00e9 du produit et du service. Engag\u00e9s pour le territoire et pour les personnes. Il en a \u00e9t\u00e9 ainsi pendant 125 ans. Et nous souhaitons que cela continue.<\/span>[\/vc_column_text][\/vc_column][vc_column width=\u00a0\u00bb1\/6&Prime;][\/vc_column][\/vc_row][vc_row][vc_column width=\u00a0\u00bb1\/2&Prime;][\/vc_column][vc_column width=\u00a0\u00bb1\/2&Prime;][vc_column_text text_align=\u00a0\u00bbright\u00a0\u00bb color=\u00a0\u00bb#ffffff\u00a0\u00bb]<em><span style=\"font-family: 'Open Sans'; font-size: 16px;\">\u00a0\u00bb Ce ne sont pas les esp\u00e8ces les plus fortes qui survivent, ni m\u00eame les plus intelligentes, mais celles qui savent le mieux s&rsquo;adapter au changement.\u00a0\u00bb <\/span><\/em><br \/>\n<strong><span style=\"font-family: 'Open Sans'; font-size: 16px;\">Charles R. Darwin<\/span><\/strong>[\/vc_column_text][\/vc_column][\/vc_row]\n<\/div>","protected":false},"excerpt":{"rendered":"<p>[vc_row full_width=\u00a0\u00bbstretch_row\u00a0\u00bb typography_style=\u00a0\u00bblight\u00a0\u00bb][vc_column width=\u00a0\u00bb1\/4&Prime;][vc_single_image image=\u00a0\u00bb76&Prime; img_size=\u00a0\u00bbthumbnail\u00a0\u00bb alignment=\u00a0\u00bbcenter\u00a0\u00bb][\/vc_column][vc_column width=\u00a0\u00bb3\/4&Prime;][vc_column_text]GARCIA FAURA est l&rsquo;entreprise pionni\u00e8re dans le d\u00e9veloppement de fa\u00e7ades modulaires, murs-rideaux et fermetures en aluminium et verre. Une compagnie aux racines familiales, fond\u00e9e en 1888 et \u00e0 projection internationale. Son si\u00e8ge central&hellip;<\/p>\n","protected":false},"author":3,"featured_media":0,"parent":0,"menu_order":0,"comment_status":"closed","ping_status":"closed","template":"","meta":{"footnotes":""},"class_list":["post-20649","page","type-page","status-publish","hentry","entry","no-media"],"yoast_head":"<!-- This site is optimized with the Yoast SEO plugin v26.7 - https:\/\/yoast.com\/wordpress\/plugins\/seo\/ -->\n<title>Entreprise - GARCIA FAURA<\/title>\n<meta name=\"description\" content=\"GARCIA FAURA \u00e9s l\u2019empresa pionera en el desenvolupament de fa\u00e7anes modulars, murs cortina i tancaments d\u2019alumini i vidre. Una companyia d\u2019arrel familiar, nascuda l\u2019any 1888 i amb projecci\u00f3 internacional. Amb seu central a Gav\u00e0 (Barcelona) i delegacions pr\u00f2pies a Col\u00f2mbia i Fran\u00e7a.\" \/>\n<meta name=\"robots\" content=\"index, follow, max-snippet:-1, max-image-preview:large, max-video-preview:-1\" \/>\n<link rel=\"canonical\" href=\"https:\/\/www.garciafaura.com\/fr\/entreprise\/\" \/>\n<meta property=\"og:locale\" content=\"fr_FR\" \/>\n<meta property=\"og:type\" content=\"article\" \/>\n<meta property=\"og:title\" content=\"Entreprise - GARCIA FAURA\" \/>\n<meta property=\"og:description\" content=\"GARCIA FAURA \u00e9s l\u2019empresa pionera en el desenvolupament de fa\u00e7anes modulars, murs cortina i tancaments d\u2019alumini i vidre. Una companyia d\u2019arrel familiar, nascuda l\u2019any 1888 i amb projecci\u00f3 internacional. Amb seu central a Gav\u00e0 (Barcelona) i delegacions pr\u00f2pies a Col\u00f2mbia i Fran\u00e7a.\" \/>\n<meta property=\"og:url\" content=\"https:\/\/www.garciafaura.com\/fr\/entreprise\/\" \/>\n<meta property=\"og:site_name\" content=\"GARCIA FAURA\" \/>\n<meta property=\"article:modified_time\" content=\"2022-09-08T09:33:49+00:00\" \/>\n<meta name=\"twitter:card\" content=\"summary_large_image\" \/>\n<meta name=\"twitter:label1\" content=\"Dur\u00e9e de lecture estim\u00e9e\" \/>\n\t<meta name=\"twitter:data1\" content=\"3 minutes\" \/>\n<script type=\"application\/ld+json\" class=\"yoast-schema-graph\">{\"@context\":\"https:\/\/schema.org\",\"@graph\":[{\"@type\":\"WebPage\",\"@id\":\"https:\/\/www.garciafaura.com\/fr\/entreprise\/\",\"url\":\"https:\/\/www.garciafaura.com\/fr\/entreprise\/\",\"name\":\"Entreprise - GARCIA FAURA\",\"isPartOf\":{\"@id\":\"https:\/\/www.garciafaura.com\/fr\/#website\"},\"datePublished\":\"2019-05-27T11:23:06+00:00\",\"dateModified\":\"2022-09-08T09:33:49+00:00\",\"description\":\"GARCIA FAURA \u00e9s l\u2019empresa pionera en el desenvolupament de fa\u00e7anes modulars, murs cortina i tancaments d\u2019alumini i vidre. Una companyia d\u2019arrel familiar, nascuda l\u2019any 1888 i amb projecci\u00f3 internacional. Amb seu central a Gav\u00e0 (Barcelona) i delegacions pr\u00f2pies a Col\u00f2mbia i Fran\u00e7a.\",\"breadcrumb\":{\"@id\":\"https:\/\/www.garciafaura.com\/fr\/entreprise\/#breadcrumb\"},\"inLanguage\":\"fr-FR\",\"potentialAction\":[{\"@type\":\"ReadAction\",\"target\":[\"https:\/\/www.garciafaura.com\/fr\/entreprise\/\"]}]},{\"@type\":\"BreadcrumbList\",\"@id\":\"https:\/\/www.garciafaura.com\/fr\/entreprise\/#breadcrumb\",\"itemListElement\":[{\"@type\":\"ListItem\",\"position\":1,\"name\":\"Inici\",\"item\":\"https:\/\/www.garciafaura.com\/fr\/\"},{\"@type\":\"ListItem\",\"position\":2,\"name\":\"Entreprise\"}]},{\"@type\":\"WebSite\",\"@id\":\"https:\/\/www.garciafaura.com\/fr\/#website\",\"url\":\"https:\/\/www.garciafaura.com\/fr\/\",\"name\":\"GARCIA FAURA\",\"description\":\"Arquitectura en Alumini, Inox, Ferro i Vidre\",\"publisher\":{\"@id\":\"https:\/\/www.garciafaura.com\/fr\/#organization\"},\"potentialAction\":[{\"@type\":\"SearchAction\",\"target\":{\"@type\":\"EntryPoint\",\"urlTemplate\":\"https:\/\/www.garciafaura.com\/fr\/?s={search_term_string}\"},\"query-input\":{\"@type\":\"PropertyValueSpecification\",\"valueRequired\":true,\"valueName\":\"search_term_string\"}}],\"inLanguage\":\"fr-FR\"},{\"@type\":\"Organization\",\"@id\":\"https:\/\/www.garciafaura.com\/fr\/#organization\",\"name\":\"GARCIA FAURA\",\"url\":\"https:\/\/www.garciafaura.com\/fr\/\",\"logo\":{\"@type\":\"ImageObject\",\"inLanguage\":\"fr-FR\",\"@id\":\"https:\/\/www.garciafaura.com\/fr\/#\/schema\/logo\/image\/\",\"url\":\"https:\/\/www.garciafaura.com\/wp-content\/uploads\/2018\/09\/Garcia-Faura.png\",\"contentUrl\":\"https:\/\/www.garciafaura.com\/wp-content\/uploads\/2018\/09\/Garcia-Faura.png\",\"width\":512,\"height\":512,\"caption\":\"GARCIA FAURA\"},\"image\":{\"@id\":\"https:\/\/www.garciafaura.com\/fr\/#\/schema\/logo\/image\/\"},\"sameAs\":[\"https:\/\/www.youtube.com\/user\/GARCIAFAURA\"]}]}<\/script>\n<!-- \/ Yoast SEO plugin. -->","yoast_head_json":{"title":"Entreprise - GARCIA FAURA","description":"GARCIA FAURA \u00e9s l\u2019empresa pionera en el desenvolupament de fa\u00e7anes modulars, murs cortina i tancaments d\u2019alumini i vidre. Una companyia d\u2019arrel familiar, nascuda l\u2019any 1888 i amb projecci\u00f3 internacional. Amb seu central a Gav\u00e0 (Barcelona) i delegacions pr\u00f2pies a Col\u00f2mbia i Fran\u00e7a.","robots":{"index":"index","follow":"follow","max-snippet":"max-snippet:-1","max-image-preview":"max-image-preview:large","max-video-preview":"max-video-preview:-1"},"canonical":"https:\/\/www.garciafaura.com\/fr\/entreprise\/","og_locale":"fr_FR","og_type":"article","og_title":"Entreprise - GARCIA FAURA","og_description":"GARCIA FAURA \u00e9s l\u2019empresa pionera en el desenvolupament de fa\u00e7anes modulars, murs cortina i tancaments d\u2019alumini i vidre. Una companyia d\u2019arrel familiar, nascuda l\u2019any 1888 i amb projecci\u00f3 internacional. Amb seu central a Gav\u00e0 (Barcelona) i delegacions pr\u00f2pies a Col\u00f2mbia i Fran\u00e7a.","og_url":"https:\/\/www.garciafaura.com\/fr\/entreprise\/","og_site_name":"GARCIA FAURA","article_modified_time":"2022-09-08T09:33:49+00:00","twitter_card":"summary_large_image","twitter_misc":{"Dur\u00e9e de lecture estim\u00e9e":"3 minutes"},"schema":{"@context":"https:\/\/schema.org","@graph":[{"@type":"WebPage","@id":"https:\/\/www.garciafaura.com\/fr\/entreprise\/","url":"https:\/\/www.garciafaura.com\/fr\/entreprise\/","name":"Entreprise - GARCIA FAURA","isPartOf":{"@id":"https:\/\/www.garciafaura.com\/fr\/#website"},"datePublished":"2019-05-27T11:23:06+00:00","dateModified":"2022-09-08T09:33:49+00:00","description":"GARCIA FAURA \u00e9s l\u2019empresa pionera en el desenvolupament de fa\u00e7anes modulars, murs cortina i tancaments d\u2019alumini i vidre. Una companyia d\u2019arrel familiar, nascuda l\u2019any 1888 i amb projecci\u00f3 internacional. Amb seu central a Gav\u00e0 (Barcelona) i delegacions pr\u00f2pies a Col\u00f2mbia i Fran\u00e7a.","breadcrumb":{"@id":"https:\/\/www.garciafaura.com\/fr\/entreprise\/#breadcrumb"},"inLanguage":"fr-FR","potentialAction":[{"@type":"ReadAction","target":["https:\/\/www.garciafaura.com\/fr\/entreprise\/"]}]},{"@type":"BreadcrumbList","@id":"https:\/\/www.garciafaura.com\/fr\/entreprise\/#breadcrumb","itemListElement":[{"@type":"ListItem","position":1,"name":"Inici","item":"https:\/\/www.garciafaura.com\/fr\/"},{"@type":"ListItem","position":2,"name":"Entreprise"}]},{"@type":"WebSite","@id":"https:\/\/www.garciafaura.com\/fr\/#website","url":"https:\/\/www.garciafaura.com\/fr\/","name":"GARCIA FAURA","description":"Arquitectura en Alumini, Inox, Ferro i Vidre","publisher":{"@id":"https:\/\/www.garciafaura.com\/fr\/#organization"},"potentialAction":[{"@type":"SearchAction","target":{"@type":"EntryPoint","urlTemplate":"https:\/\/www.garciafaura.com\/fr\/?s={search_term_string}"},"query-input":{"@type":"PropertyValueSpecification","valueRequired":true,"valueName":"search_term_string"}}],"inLanguage":"fr-FR"},{"@type":"Organization","@id":"https:\/\/www.garciafaura.com\/fr\/#organization","name":"GARCIA FAURA","url":"https:\/\/www.garciafaura.com\/fr\/","logo":{"@type":"ImageObject","inLanguage":"fr-FR","@id":"https:\/\/www.garciafaura.com\/fr\/#\/schema\/logo\/image\/","url":"https:\/\/www.garciafaura.com\/wp-content\/uploads\/2018\/09\/Garcia-Faura.png","contentUrl":"https:\/\/www.garciafaura.com\/wp-content\/uploads\/2018\/09\/Garcia-Faura.png","width":512,"height":512,"caption":"GARCIA FAURA"},"image":{"@id":"https:\/\/www.garciafaura.com\/fr\/#\/schema\/logo\/image\/"},"sameAs":["https:\/\/www.youtube.com\/user\/GARCIAFAURA"]}]}},"_links":{"self":[{"href":"https:\/\/www.garciafaura.com\/fr\/wp-json\/wp\/v2\/pages\/20649","targetHints":{"allow":["GET"]}}],"collection":[{"href":"https:\/\/www.garciafaura.com\/fr\/wp-json\/wp\/v2\/pages"}],"about":[{"href":"https:\/\/www.garciafaura.com\/fr\/wp-json\/wp\/v2\/types\/page"}],"author":[{"embeddable":true,"href":"https:\/\/www.garciafaura.com\/fr\/wp-json\/wp\/v2\/users\/3"}],"replies":[{"embeddable":true,"href":"https:\/\/www.garciafaura.com\/fr\/wp-json\/wp\/v2\/comments?post=20649"}],"version-history":[{"count":5,"href":"https:\/\/www.garciafaura.com\/fr\/wp-json\/wp\/v2\/pages\/20649\/revisions"}],"predecessor-version":[{"id":24713,"href":"https:\/\/www.garciafaura.com\/fr\/wp-json\/wp\/v2\/pages\/20649\/revisions\/24713"}],"wp:attachment":[{"href":"https:\/\/www.garciafaura.com\/fr\/wp-json\/wp\/v2\/media?parent=20649"}],"curies":[{"name":"wp","href":"https:\/\/api.w.org\/{rel}","templated":true}]}}