{"id":17254,"date":"2019-02-21T19:09:04","date_gmt":"2019-02-21T19:09:04","guid":{"rendered":"https:\/\/www.garciafaura.com\/calidad\/"},"modified":"2022-05-02T10:55:22","modified_gmt":"2022-05-02T08:55:22","slug":"calidad","status":"publish","type":"page","link":"https:\/\/www.garciafaura.com\/es\/calidad\/","title":{"rendered":"Calidad"},"content":{"rendered":"<div class=\"wpb-content-wrapper\">[vc_row full_width=\u00bbstretch_row\u00bb typography_style=\u00bbwhite\u00bb][vc_column width=\u00bb3\/4&#8243;]<div class=\"vcex-spacing\" style=\"height:30px\"><\/div>[vc_column_text]<span style=\"font-family: 'Open Sans'; font-size: 18px;\"><strong>GARCIA FAURA<\/strong> fue una de las primeras empresas de su sector que cont\u00f3 con el sello ISO 9001, norma internacional que asegura el mantenimiento de una gesti\u00f3n de la calidad integral. No s\u00f3lo en la fase de producci\u00f3n, sino tambi\u00e9n en el conjunto de sus procesos empresariales. <\/span><\/p>\n<p><span style=\"font-family: 'Open Sans'; font-size: 18px;\">El Manual de Gesti\u00f3n de la Calidad de <strong>GARCIA FAURA<\/strong> tambi\u00e9n incluye un Control de Producci\u00f3n en F\u00e1brica que recoge todos los puntos de verificaci\u00f3n interna que se establecen para garantizar una correcta fabricaci\u00f3n de todos los productos y materiales de la empresa. As\u00ed como un Control de Montaje que certifica la correcta ejecuci\u00f3n de los trabajos contratados.<\/span><\/p>\n<p><span style=\"font-family: 'Open Sans'; font-size: 18px;\">Y no s\u00f3lo eso; nuestros principales proveedores tambi\u00e9n disponen de las certificaciones internacionales de mayor prestigio en cada uno de sus \u00e1mbitos. Un doble aval de calidad establecido sobre est\u00e1ndares internacionales.<\/span><\/p>\n<p><span style=\"font-family: 'Open Sans'; font-size: 18px;\">La calidad, solvencia y profesionalidad de nuestra marca viene avalada por la opini\u00f3n de nuestros clientes. Tan Importante es la satisfacci\u00f3n de usuarios finales de los edificios que <\/span><span style=\"font-family: 'Open Sans'; font-size: 18px;\">construimos como la de los jefes de obra encargados de todo el proceso constructivo en los que participamos.<\/span><\/p>\n<p><span style=\"font-family: 'Open Sans'; font-size: 18px;\">Valoramos especialmente la opini\u00f3n de estos \u00faltimos, ya que representa la garant\u00eda de confiar en una empresa que no s\u00f3lo cumple a tiempo y bien, sino que adem\u00e1s ofrece todos los elementos de satisfacci\u00f3n necesarios para la correcta ejecuci\u00f3n de un proyecto.<\/span>[\/vc_column_text][\/vc_column][vc_column width=\u00bb1\/4&#8243;]<div class=\"vcex-spacing\" style=\"height:30px\"><\/div>[vc_single_image image=\u00bb17045&#8243; img_size=\u00bbmedium\u00bb alignment=\u00bbleft\u00bb]<div class=\"vcex-spacing\" style=\"height:30px\"><\/div>[vc_single_image image=\u00bb17049&#8243; img_size=\u00bbmedium\u00bb alignment=\u00bbleft\u00bb]<div class=\"vcex-spacing\" style=\"height:30px\"><\/div>[vc_single_image image=\u00bb17057&#8243; img_size=\u00bbmedium\u00bb alignment=\u00bbleft\u00bb][\/vc_column][\/vc_row][vc_row full_width=\u00bbstretch_row\u00bb typography_style=\u00bbwhite\u00bb][vc_column][vc_row_inner][vc_column_inner]<h2 class=\"vcex-module vcex-heading vcex-heading-bottom-border-w-color\" style=\"color:#ffffff;border-bottom-color:#d6d6d6;\"><span class=\"vcex-heading-inner clr\" style=\"border-color:#d7515e;\">Resultados de la encuesta de satisfacci\u00f3n realizada a jefes de grupo y encargados<br \/>\nde obra de las constructoras para las que trabajamos:<\/span><\/h2>[\/vc_column_inner][\/vc_row_inner][vc_row_inner][vc_column_inner width=\u00bb1\/3&#8243;]<div class=\"vcex-spacing\" style=\"height:30px\"><\/div>[vc_line_chart type=\u00bbline\u00bb style=\u00bbmodern\u00bb x_values=\u00bb2013; 2014; 2015; 2016; 2017; 2018; 2019; 2020; 2021&#8243; values=\u00bb%5B%7B%22title%22%3A%22Valoraci%C3%B3n%20de%20la%20atenci%C3%B3n%20comercial%20y%20t%C3%A9cnica%22%2C%22y_values%22%3A%2270%3B%2075%3B%2085%3B%2078%3B%2080%3B%2081%3B%2085%3B%2083%3B%2085%22%2C%22color%22%3A%22turquoise%22%7D%5D\u00bb animation=\u00bbeaseOutBack\u00bb][\/vc_column_inner][vc_column_inner width=\u00bb1\/3&#8243;]<div class=\"vcex-spacing\" style=\"height:30px\"><\/div>[vc_line_chart type=\u00bbline\u00bb style=\u00bbmodern\u00bb x_values=\u00bb2013; 2014; 2015; 2016; 2017; 2018; 2019; 2020; 2021&#8243; values=\u00bb%5B%7B%22title%22%3A%22Capacidad%20de%20los%20responsables%20de%20obra%22%2C%22y_values%22%3A%2267%3B%2075%3B%2091%3B%2091%3B%2095%3B%2093%3B%2094%3B%2095%3B%2095%22%2C%22color%22%3A%22pink%22%7D%5D\u00bb animation=\u00bbeaseOutElastic\u00bb][\/vc_column_inner][vc_column_inner width=\u00bb1\/3&#8243;]<div class=\"vcex-spacing\" style=\"height:30px\"><\/div>[vc_line_chart type=\u00bbline\u00bb x_values=\u00bb2013; 2014; 2015; 2016; 2017; 2018; 2019; 2020; 2021&#8243; values=\u00bb%5B%7B%22title%22%3A%22Valoraci%C3%B3n%20global%20del%20Servicio%20de%20GARCIA%20FAURA%22%2C%22y_values%22%3A%2272%3B%2078%3B%2085%3B%2080%3B%2092%3B%2088%3B%2092%3B%2092%3B%2088%3B%2091%22%2C%22color%22%3A%22violet%22%7D%5D\u00bb animation=\u00bbeaseOutBack\u00bb][\/vc_column_inner][\/vc_row_inner][\/vc_column][vc_column][vc_row_inner][vc_column_inner]<h2 class=\"vcex-module vcex-heading vcex-heading-bottom-border-w-color\" style=\"color:#ffffff;border-bottom-color:#d6d6d6;\"><span class=\"vcex-heading-inner clr\" style=\"border-color:#d7515e;\">Resultado de la encuesta de satisfacci\u00f3n sobre el Servicio Postventa de la empresa<br \/>\nen proyectos ya ejecutados:<\/span><\/h2>[\/vc_column_inner][\/vc_row_inner][vc_row_inner][vc_column_inner width=\u00bb1\/3&#8243;][vc_line_chart type=\u00bbline\u00bb style=\u00bbmodern\u00bb x_values=\u00bb2013; 2014; 2015; 2016; 2017; 2018; 2019; 2020; 2021&#8243; values=\u00bb%5B%7B%22title%22%3A%22Valoraci%C3%B3n%20de%20la%20atenci%C3%B3n%20comercial%22%2C%22y_values%22%3A%2279%3B%2082%3B%2087%3B%2085%3B%2085%3B%2086%3B%2086%3B%2084%3B%2086%22%2C%22color%22%3A%22vista-blue%22%7D%5D\u00bb animation=\u00bbeaseOutElastic\u00bb][\/vc_column_inner][vc_column_inner width=\u00bb1\/3&#8243;][vc_line_chart type=\u00bbline\u00bb style=\u00bbmodern\u00bb x_values=\u00bb2013; 2014; 2015; 2016; 2017; 2018; 2019; 2020; 2021&#8243; values=\u00bb%5B%7B%22title%22%3A%22Capacidad%20de%20los%20responsables%20de%20Postventa%22%2C%22y_values%22%3A%2269%3B%2080%3B%2085%3B%2080%3B%2080%3B%2081%3B%2085%3B%2084%3B%2085%22%2C%22color%22%3A%22sky%22%7D%5D\u00bb animation=\u00bbeaseOutElastic\u00bb][\/vc_column_inner][vc_column_inner width=\u00bb1\/3&#8243;][vc_line_chart type=\u00bbline\u00bb style=\u00bbmodern\u00bb x_values=\u00bb2013; 2014; 2015; 2016; 2017; 2018; 2019; 2020; 2021&#8243; values=\u00bb%5B%7B%22title%22%3A%22Valoraci%C3%B3n%20global%20del%20Servicio%20Postventa%20de%20GARCIA%20FAURA%22%2C%22y_values%22%3A%2269%3B%2075%3B%2083%3B%2075%3B%2080%3B%2082%3B%2083%3B%2080%3B%2083%22%2C%22color%22%3A%22juicy-pink%22%7D%5D\u00bb animation=\u00bbeaseOutElastic\u00bb][\/vc_column_inner][\/vc_row_inner][\/vc_column][\/vc_row][vc_row full_width=\u00bbstretch_row\u00bb typography_style=\u00bbwhite\u00bb][vc_column][vc_column_text]<span style=\"font-family: 'Open Sans'; font-size: 18px;\">La calidad, solvencia y profesionalidad de nuestra marca viene avalada por la opini\u00f3n de nuestros clientes. <strong>Tan importante es la satisfacci\u00f3n de los usuarios finales de los edificios que <\/strong><\/span><strong><span style=\"font-family: 'Open Sans'; font-size: 18px;\">construimos como la de los jefes de obra encargados de todo el proceso constructivo en los que participamos.<\/span><\/strong><\/p>\n<p><span style=\"font-family: 'Open Sans'; font-size: 18px;\">Valoramos especialmente la opini\u00f3n de estos \u00faltimos, ya que representa <strong>la garant\u00eda de confiar en una empresa que no s\u00f3lo cumple a tiempo y bien, sino que adem\u00e1s ofrece todos los elementos de satisfacci\u00f3n necesarios para la correcta ejecuci\u00f3n de un proyecto.<\/strong><\/span>[\/vc_column_text][\/vc_column][\/vc_row][vc_row][vc_column][vc_separator color=\u00bbcustom\u00bb accent_color=\u00bb#dd3333&#8243;][\/vc_column][\/vc_row][vc_row][vc_column width=\u00bb1\/4&#8243;][vc_single_image image=\u00bb15398&#8243; css_animation=\u00bbbounceIn\u00bb onclick=\u00bbcustom_link\u00bb img_link_target=\u00bb_blank\u00bb link=\u00bbhttps:\/\/www.qualicoat.net\/main\/home.html\u00bb][\/vc_column][vc_column width=\u00bb1\/4&#8243;][vc_single_image image=\u00bb15402&#8243; css_animation=\u00bbbounceIn\u00bb onclick=\u00bbcustom_link\u00bb img_link_target=\u00bb_blank\u00bb link=\u00bbhttps:\/\/www.qualanod.net\/\u00bb][\/vc_column][vc_column width=\u00bb1\/4&#8243;][vc_single_image image=\u00bb15412&#8243; css_animation=\u00bbbounceIn\u00bb onclick=\u00bbcustom_link\u00bb img_link_target=\u00bb_blank\u00bb link=\u00bbhttp:\/\/www.cekal.com\/\u00bb][\/vc_column][vc_column width=\u00bb1\/4&#8243;][vc_single_image image=\u00bb15417&#8243; css_animation=\u00bbbounceIn\u00bb onclick=\u00bbcustom_link\u00bb img_link_target=\u00bb_blank\u00bb link=\u00bbhttps:\/\/consumer.dow.com\/en-us\/category\/industry\/ind-building-construction\/quality-bond.html?\u00bb][\/vc_column][\/vc_row][vc_row][vc_column][vc_column_text]<span style=\"font-family: 'Open Sans'; font-size: 18px;\"><strong>GARCIA FAURA<\/strong> est\u00e1 inscrita como empresa Contratista de Obras en el Registro Oficial de Empresas Clasificadas para realizar obras para cualquier administraci\u00f3n p\u00fablica. Nuestros principales proveedores disponen de los certificados que avalan la calidad de la materia prima con la que desarrollamos nuestros productos.<\/span>[\/vc_column_text][\/vc_column][\/vc_row][vc_row][vc_column width=\u00bb1\/4&#8243;][\/vc_column][vc_column width=\u00bb1\/2&#8243;]<div class=\"textcenter theme-button-expanded-wrap theme-button-wrap clr\"><a href=\"https:\/\/www.garciafaura.com\/wp-content\/uploads\/2019\/03\/PoliticaCalidadGF.pdf\" class=\"vcex-button theme-button large align-center expanded hvr hvr-grow-shadow expanded\" style=\"background:#d7515e;\"><span class=\"theme-button-inner\">Pol\u00edtica de Calidad<\/span><\/a><\/div> [\/vc_column][vc_column width=\u00bb1\/4&#8243;][\/vc_column][\/vc_row]\n<\/div>","protected":false},"excerpt":{"rendered":"<p>[vc_row full_width=\u00bbstretch_row\u00bb typography_style=\u00bbwhite\u00bb][vc_column width=\u00bb3\/4&#8243;][vc_column_text]GARCIA FAURA fue una de las primeras empresas de su sector que cont\u00f3 con el sello ISO 9001, norma internacional que asegura el mantenimiento de una gesti\u00f3n de la calidad integral. No s\u00f3lo en la fase de&hellip;<\/p>\n","protected":false},"author":3,"featured_media":0,"parent":0,"menu_order":0,"comment_status":"closed","ping_status":"closed","template":"","meta":{"footnotes":""},"class_list":["post-17254","page","type-page","status-publish","hentry","entry","no-media"],"yoast_head":"<!-- This site is optimized with the Yoast SEO plugin v26.7 - https:\/\/yoast.com\/wordpress\/plugins\/seo\/ -->\n<title>Calidad - GARCIA FAURA<\/title>\n<meta name=\"description\" content=\"Arquitectura en Alumini, Inox, Ferro i Vidre\" \/>\n<meta name=\"robots\" content=\"index, follow, max-snippet:-1, max-image-preview:large, max-video-preview:-1\" \/>\n<link rel=\"canonical\" href=\"https:\/\/www.garciafaura.com\/es\/calidad\/\" \/>\n<meta property=\"og:locale\" content=\"es_ES\" \/>\n<meta property=\"og:type\" content=\"article\" \/>\n<meta property=\"og:title\" content=\"Calidad - GARCIA FAURA\" \/>\n<meta property=\"og:description\" content=\"Arquitectura en Alumini, Inox, Ferro i Vidre\" \/>\n<meta property=\"og:url\" content=\"https:\/\/www.garciafaura.com\/es\/calidad\/\" \/>\n<meta property=\"og:site_name\" content=\"GARCIA FAURA\" \/>\n<meta property=\"article:modified_time\" content=\"2022-05-02T08:55:22+00:00\" \/>\n<meta name=\"twitter:card\" content=\"summary_large_image\" \/>\n<meta name=\"twitter:label1\" content=\"Tiempo de lectura\" \/>\n\t<meta name=\"twitter:data1\" content=\"3 minutos\" \/>\n<script type=\"application\/ld+json\" class=\"yoast-schema-graph\">{\"@context\":\"https:\/\/schema.org\",\"@graph\":[{\"@type\":\"WebPage\",\"@id\":\"https:\/\/www.garciafaura.com\/es\/calidad\/\",\"url\":\"https:\/\/www.garciafaura.com\/es\/calidad\/\",\"name\":\"Calidad - GARCIA FAURA\",\"isPartOf\":{\"@id\":\"https:\/\/www.garciafaura.com\/fr\/#website\"},\"datePublished\":\"2019-02-21T19:09:04+00:00\",\"dateModified\":\"2022-05-02T08:55:22+00:00\",\"description\":\"Arquitectura en Alumini, Inox, Ferro i Vidre\",\"breadcrumb\":{\"@id\":\"https:\/\/www.garciafaura.com\/es\/calidad\/#breadcrumb\"},\"inLanguage\":\"es\",\"potentialAction\":[{\"@type\":\"ReadAction\",\"target\":[\"https:\/\/www.garciafaura.com\/es\/calidad\/\"]}]},{\"@type\":\"BreadcrumbList\",\"@id\":\"https:\/\/www.garciafaura.com\/es\/calidad\/#breadcrumb\",\"itemListElement\":[{\"@type\":\"ListItem\",\"position\":1,\"name\":\"Inici\",\"item\":\"https:\/\/www.garciafaura.com\/es\/\"},{\"@type\":\"ListItem\",\"position\":2,\"name\":\"Calidad\"}]},{\"@type\":\"WebSite\",\"@id\":\"https:\/\/www.garciafaura.com\/fr\/#website\",\"url\":\"https:\/\/www.garciafaura.com\/fr\/\",\"name\":\"GARCIA FAURA\",\"description\":\"Arquitectura en Alumini, Inox, Ferro i Vidre\",\"publisher\":{\"@id\":\"https:\/\/www.garciafaura.com\/fr\/#organization\"},\"potentialAction\":[{\"@type\":\"SearchAction\",\"target\":{\"@type\":\"EntryPoint\",\"urlTemplate\":\"https:\/\/www.garciafaura.com\/fr\/?s={search_term_string}\"},\"query-input\":{\"@type\":\"PropertyValueSpecification\",\"valueRequired\":true,\"valueName\":\"search_term_string\"}}],\"inLanguage\":\"es\"},{\"@type\":\"Organization\",\"@id\":\"https:\/\/www.garciafaura.com\/fr\/#organization\",\"name\":\"GARCIA FAURA\",\"url\":\"https:\/\/www.garciafaura.com\/fr\/\",\"logo\":{\"@type\":\"ImageObject\",\"inLanguage\":\"es\",\"@id\":\"https:\/\/www.garciafaura.com\/fr\/#\/schema\/logo\/image\/\",\"url\":\"https:\/\/www.garciafaura.com\/wp-content\/uploads\/2018\/09\/Garcia-Faura.png\",\"contentUrl\":\"https:\/\/www.garciafaura.com\/wp-content\/uploads\/2018\/09\/Garcia-Faura.png\",\"width\":512,\"height\":512,\"caption\":\"GARCIA FAURA\"},\"image\":{\"@id\":\"https:\/\/www.garciafaura.com\/fr\/#\/schema\/logo\/image\/\"},\"sameAs\":[\"https:\/\/www.youtube.com\/user\/GARCIAFAURA\"]}]}<\/script>\n<!-- \/ Yoast SEO plugin. -->","yoast_head_json":{"title":"Calidad - GARCIA FAURA","description":"Arquitectura en Alumini, Inox, Ferro i Vidre","robots":{"index":"index","follow":"follow","max-snippet":"max-snippet:-1","max-image-preview":"max-image-preview:large","max-video-preview":"max-video-preview:-1"},"canonical":"https:\/\/www.garciafaura.com\/es\/calidad\/","og_locale":"es_ES","og_type":"article","og_title":"Calidad - GARCIA FAURA","og_description":"Arquitectura en Alumini, Inox, Ferro i Vidre","og_url":"https:\/\/www.garciafaura.com\/es\/calidad\/","og_site_name":"GARCIA FAURA","article_modified_time":"2022-05-02T08:55:22+00:00","twitter_card":"summary_large_image","twitter_misc":{"Tiempo de lectura":"3 minutos"},"schema":{"@context":"https:\/\/schema.org","@graph":[{"@type":"WebPage","@id":"https:\/\/www.garciafaura.com\/es\/calidad\/","url":"https:\/\/www.garciafaura.com\/es\/calidad\/","name":"Calidad - GARCIA FAURA","isPartOf":{"@id":"https:\/\/www.garciafaura.com\/fr\/#website"},"datePublished":"2019-02-21T19:09:04+00:00","dateModified":"2022-05-02T08:55:22+00:00","description":"Arquitectura en Alumini, Inox, Ferro i Vidre","breadcrumb":{"@id":"https:\/\/www.garciafaura.com\/es\/calidad\/#breadcrumb"},"inLanguage":"es","potentialAction":[{"@type":"ReadAction","target":["https:\/\/www.garciafaura.com\/es\/calidad\/"]}]},{"@type":"BreadcrumbList","@id":"https:\/\/www.garciafaura.com\/es\/calidad\/#breadcrumb","itemListElement":[{"@type":"ListItem","position":1,"name":"Inici","item":"https:\/\/www.garciafaura.com\/es\/"},{"@type":"ListItem","position":2,"name":"Calidad"}]},{"@type":"WebSite","@id":"https:\/\/www.garciafaura.com\/fr\/#website","url":"https:\/\/www.garciafaura.com\/fr\/","name":"GARCIA FAURA","description":"Arquitectura en Alumini, Inox, Ferro i Vidre","publisher":{"@id":"https:\/\/www.garciafaura.com\/fr\/#organization"},"potentialAction":[{"@type":"SearchAction","target":{"@type":"EntryPoint","urlTemplate":"https:\/\/www.garciafaura.com\/fr\/?s={search_term_string}"},"query-input":{"@type":"PropertyValueSpecification","valueRequired":true,"valueName":"search_term_string"}}],"inLanguage":"es"},{"@type":"Organization","@id":"https:\/\/www.garciafaura.com\/fr\/#organization","name":"GARCIA FAURA","url":"https:\/\/www.garciafaura.com\/fr\/","logo":{"@type":"ImageObject","inLanguage":"es","@id":"https:\/\/www.garciafaura.com\/fr\/#\/schema\/logo\/image\/","url":"https:\/\/www.garciafaura.com\/wp-content\/uploads\/2018\/09\/Garcia-Faura.png","contentUrl":"https:\/\/www.garciafaura.com\/wp-content\/uploads\/2018\/09\/Garcia-Faura.png","width":512,"height":512,"caption":"GARCIA FAURA"},"image":{"@id":"https:\/\/www.garciafaura.com\/fr\/#\/schema\/logo\/image\/"},"sameAs":["https:\/\/www.youtube.com\/user\/GARCIAFAURA"]}]}},"_links":{"self":[{"href":"https:\/\/www.garciafaura.com\/es\/wp-json\/wp\/v2\/pages\/17254","targetHints":{"allow":["GET"]}}],"collection":[{"href":"https:\/\/www.garciafaura.com\/es\/wp-json\/wp\/v2\/pages"}],"about":[{"href":"https:\/\/www.garciafaura.com\/es\/wp-json\/wp\/v2\/types\/page"}],"author":[{"embeddable":true,"href":"https:\/\/www.garciafaura.com\/es\/wp-json\/wp\/v2\/users\/3"}],"replies":[{"embeddable":true,"href":"https:\/\/www.garciafaura.com\/es\/wp-json\/wp\/v2\/comments?post=17254"}],"version-history":[{"count":14,"href":"https:\/\/www.garciafaura.com\/es\/wp-json\/wp\/v2\/pages\/17254\/revisions"}],"predecessor-version":[{"id":29347,"href":"https:\/\/www.garciafaura.com\/es\/wp-json\/wp\/v2\/pages\/17254\/revisions\/29347"}],"wp:attachment":[{"href":"https:\/\/www.garciafaura.com\/es\/wp-json\/wp\/v2\/media?parent=17254"}],"curies":[{"name":"wp","href":"https:\/\/api.w.org\/{rel}","templated":true}]}}