{"id":17243,"date":"2019-02-21T18:45:02","date_gmt":"2019-02-21T18:45:02","guid":{"rendered":"https:\/\/www.garciafaura.com\/produccion\/"},"modified":"2022-12-15T14:20:35","modified_gmt":"2022-12-15T12:20:35","slug":"produccion","status":"publish","type":"page","link":"https:\/\/www.garciafaura.com\/es\/produccion\/","title":{"rendered":"Producci\u00f3n"},"content":{"rendered":"<div class=\"wpb-content-wrapper\">[vc_row full_width=\u00bbstretch_row\u00bb content_placement=\u00bbmiddle\u00bb wpex_bg_overlay=\u00bbcolor\u00bb wpex_bg_overlay_color=\u00bb#d9d9d9&#8243; wpex_bg_overlay_opacity=\u00bb0.85&#8243;][vc_column]<div class=\"vcex-spacing\" style=\"height:30px\"><\/div>[vc_column_text]<span style=\"font-family: 'Open Sans'; font-size: 18px;\">Los centros de producci\u00f3n de <strong>GARCIA FAURA<\/strong> est\u00e1n concebidos como espacios de trabajo flexible, dise\u00f1ados para adaptarse a las necesidades de fabricaci\u00f3n y l\u00edneas de montaje espec\u00edficas para cada obra.<\/span><\/p>\n<p class=\"p1\"><span style=\"font-family: 'Open Sans'; font-size: 18px;\">Contamos con maquinaria especializada y software espec\u00edfico para la fabricaci\u00f3n de todos los materiales que suministramos, con una pol\u00edtica de inversiones anuales pensada para seguir siendo l\u00edderes en la manipulaci\u00f3n del aluminio, el hierro, el acero inoxidable y el vidrio.<\/span><\/p>\n[\/vc_column_text][\/vc_column][\/vc_row][vc_row full_width=\u00bbstretch_row\u00bb equal_height=\u00bbyes\u00bb typography_style=\u00bblight\u00bb][vc_column width=\u00bb1\/3&#8243;]<div class=\"vcex-spacing\" style=\"height:30px\"><\/div>[vc_column_text]<span style=\"font-family: 'Open Sans'; font-size: 18px;\">Nuestros talleres cuentan con un equipo fijo de m\u00e1s de 60 oficiales de primera, y la capacidad organizativa necesaria para modular el incremento de recursos en funci\u00f3n del ritmo de producci\u00f3n.<\/span><\/p>\n<p><span style=\"font-family: 'Open Sans'; font-size: 18px;\">Con una planificaci\u00f3n de trabajo estructurada pero con la flexibilidad justa para dar cabida a las necesidades del d\u00eda a d\u00eda.<\/span>[\/vc_column_text][\/vc_column][vc_column width=\u00bb2\/3&#8243;]<div class=\"vcex-spacing\" style=\"height:30px\"><\/div>[vc_video link=\u00bbhttps:\/\/vimeo.com\/342800485&#8243; align=\u00bbcenter\u00bb css=\u00bb.vc_custom_1569233086909{border-top-width: 1px !important;border-right-width: 1px !important;border-bottom-width: 1px !important;border-left-width: 1px !important;border-left-color: #000000 !important;border-left-style: solid !important;border-right-color: #000000 !important;border-right-style: solid !important;border-top-color: #000000 !important;border-top-style: solid !important;border-bottom-color: #000000 !important;border-bottom-style: solid !important;}\u00bb][\/vc_column][\/vc_row][vc_row full_width=\u00bbstretch_row\u00bb equal_height=\u00bbyes\u00bb typography_style=\u00bblight\u00bb css=\u00bb.vc_custom_1671106824344{background-color: #ffffff !important;}\u00bb][vc_column]<div class=\"vcex-spacing\" style=\"height:30px\"><\/div>[vc_column_text]<span style=\"font-size: 18px; font-family: 'Open Sans'; color: #000000;\">En los \u00faltimos a\u00f1os, <strong>GARCIA FAURA<\/strong> lleva a cabo un plan de modernizaci\u00f3n de la planta de fabricaci\u00f3n de fachadas, muros cortina y cerramientos de la compa\u00f1\u00eda. Un proyecto financiado por el Ministerio de Industria, Comercio y Turismo, dentro del <a style=\"color: #000000;\" href=\"https:\/\/www.mincotur.gob.es\/PortalAyudas\/RCI\/Paginas\/Index.aspx\" target=\"_blank\" rel=\"noopener\">Programa de reindustrializaci\u00f3n y fomento de la competitividad industrial<\/a>.<\/span>[\/vc_column_text][vc_row_inner][vc_column_inner]<div class=\"vcex-spacing\" style=\"height:30px\"><\/div>[vc_single_image image=\u00bb31140&#8243;][\/vc_column_inner][\/vc_row_inner][\/vc_column][\/vc_row]\n<\/div>","protected":false},"excerpt":{"rendered":"<p>[vc_row full_width=\u00bbstretch_row\u00bb content_placement=\u00bbmiddle\u00bb wpex_bg_overlay=\u00bbcolor\u00bb wpex_bg_overlay_color=\u00bb#d9d9d9&#8243; wpex_bg_overlay_opacity=\u00bb0.85&#8243;][vc_column][vc_column_text]Los centros de producci\u00f3n de GARCIA FAURA est\u00e1n concebidos como espacios de trabajo flexible, dise\u00f1ados para adaptarse a las necesidades de fabricaci\u00f3n y l\u00edneas de montaje espec\u00edficas para cada obra. Contamos con maquinaria especializada y&hellip;<\/p>\n","protected":false},"author":3,"featured_media":0,"parent":0,"menu_order":0,"comment_status":"closed","ping_status":"closed","template":"","meta":{"footnotes":""},"class_list":["post-17243","page","type-page","status-publish","hentry","entry","no-media"],"yoast_head":"<!-- This site is optimized with the Yoast SEO plugin v26.7 - https:\/\/yoast.com\/wordpress\/plugins\/seo\/ -->\n<title>Producci\u00f3n - GARCIA FAURA<\/title>\n<meta name=\"description\" content=\"Arquitectura en Alumini, Inox, Ferro i Vidre\" \/>\n<meta name=\"robots\" content=\"index, follow, max-snippet:-1, max-image-preview:large, max-video-preview:-1\" \/>\n<link rel=\"canonical\" href=\"https:\/\/www.garciafaura.com\/es\/produccion\/\" \/>\n<meta property=\"og:locale\" content=\"es_ES\" \/>\n<meta property=\"og:type\" content=\"article\" \/>\n<meta property=\"og:title\" content=\"Producci\u00f3n - GARCIA FAURA\" \/>\n<meta property=\"og:description\" content=\"Arquitectura en Alumini, Inox, Ferro i Vidre\" \/>\n<meta property=\"og:url\" content=\"https:\/\/www.garciafaura.com\/es\/produccion\/\" \/>\n<meta property=\"og:site_name\" content=\"GARCIA FAURA\" \/>\n<meta property=\"article:modified_time\" content=\"2022-12-15T12:20:35+00:00\" \/>\n<meta name=\"twitter:card\" content=\"summary_large_image\" \/>\n<meta name=\"twitter:label1\" content=\"Tiempo de lectura\" \/>\n\t<meta name=\"twitter:data1\" content=\"2 minutos\" \/>\n<script type=\"application\/ld+json\" class=\"yoast-schema-graph\">{\"@context\":\"https:\/\/schema.org\",\"@graph\":[{\"@type\":\"WebPage\",\"@id\":\"https:\/\/www.garciafaura.com\/es\/produccion\/\",\"url\":\"https:\/\/www.garciafaura.com\/es\/produccion\/\",\"name\":\"Producci\u00f3n - GARCIA FAURA\",\"isPartOf\":{\"@id\":\"https:\/\/www.garciafaura.com\/fr\/#website\"},\"datePublished\":\"2019-02-21T18:45:02+00:00\",\"dateModified\":\"2022-12-15T12:20:35+00:00\",\"description\":\"Arquitectura en Alumini, Inox, Ferro i Vidre\",\"breadcrumb\":{\"@id\":\"https:\/\/www.garciafaura.com\/es\/produccion\/#breadcrumb\"},\"inLanguage\":\"es\",\"potentialAction\":[{\"@type\":\"ReadAction\",\"target\":[\"https:\/\/www.garciafaura.com\/es\/produccion\/\"]}]},{\"@type\":\"BreadcrumbList\",\"@id\":\"https:\/\/www.garciafaura.com\/es\/produccion\/#breadcrumb\",\"itemListElement\":[{\"@type\":\"ListItem\",\"position\":1,\"name\":\"Inici\",\"item\":\"https:\/\/www.garciafaura.com\/es\/\"},{\"@type\":\"ListItem\",\"position\":2,\"name\":\"Producci\u00f3n\"}]},{\"@type\":\"WebSite\",\"@id\":\"https:\/\/www.garciafaura.com\/fr\/#website\",\"url\":\"https:\/\/www.garciafaura.com\/fr\/\",\"name\":\"GARCIA FAURA\",\"description\":\"Arquitectura en Alumini, Inox, Ferro i Vidre\",\"publisher\":{\"@id\":\"https:\/\/www.garciafaura.com\/fr\/#organization\"},\"potentialAction\":[{\"@type\":\"SearchAction\",\"target\":{\"@type\":\"EntryPoint\",\"urlTemplate\":\"https:\/\/www.garciafaura.com\/fr\/?s={search_term_string}\"},\"query-input\":{\"@type\":\"PropertyValueSpecification\",\"valueRequired\":true,\"valueName\":\"search_term_string\"}}],\"inLanguage\":\"es\"},{\"@type\":\"Organization\",\"@id\":\"https:\/\/www.garciafaura.com\/fr\/#organization\",\"name\":\"GARCIA FAURA\",\"url\":\"https:\/\/www.garciafaura.com\/fr\/\",\"logo\":{\"@type\":\"ImageObject\",\"inLanguage\":\"es\",\"@id\":\"https:\/\/www.garciafaura.com\/fr\/#\/schema\/logo\/image\/\",\"url\":\"https:\/\/www.garciafaura.com\/wp-content\/uploads\/2018\/09\/Garcia-Faura.png\",\"contentUrl\":\"https:\/\/www.garciafaura.com\/wp-content\/uploads\/2018\/09\/Garcia-Faura.png\",\"width\":512,\"height\":512,\"caption\":\"GARCIA FAURA\"},\"image\":{\"@id\":\"https:\/\/www.garciafaura.com\/fr\/#\/schema\/logo\/image\/\"},\"sameAs\":[\"https:\/\/www.youtube.com\/user\/GARCIAFAURA\"]}]}<\/script>\n<!-- \/ Yoast SEO plugin. -->","yoast_head_json":{"title":"Producci\u00f3n - GARCIA FAURA","description":"Arquitectura en Alumini, Inox, Ferro i Vidre","robots":{"index":"index","follow":"follow","max-snippet":"max-snippet:-1","max-image-preview":"max-image-preview:large","max-video-preview":"max-video-preview:-1"},"canonical":"https:\/\/www.garciafaura.com\/es\/produccion\/","og_locale":"es_ES","og_type":"article","og_title":"Producci\u00f3n - GARCIA FAURA","og_description":"Arquitectura en Alumini, Inox, Ferro i Vidre","og_url":"https:\/\/www.garciafaura.com\/es\/produccion\/","og_site_name":"GARCIA FAURA","article_modified_time":"2022-12-15T12:20:35+00:00","twitter_card":"summary_large_image","twitter_misc":{"Tiempo de lectura":"2 minutos"},"schema":{"@context":"https:\/\/schema.org","@graph":[{"@type":"WebPage","@id":"https:\/\/www.garciafaura.com\/es\/produccion\/","url":"https:\/\/www.garciafaura.com\/es\/produccion\/","name":"Producci\u00f3n - GARCIA FAURA","isPartOf":{"@id":"https:\/\/www.garciafaura.com\/fr\/#website"},"datePublished":"2019-02-21T18:45:02+00:00","dateModified":"2022-12-15T12:20:35+00:00","description":"Arquitectura en Alumini, Inox, Ferro i Vidre","breadcrumb":{"@id":"https:\/\/www.garciafaura.com\/es\/produccion\/#breadcrumb"},"inLanguage":"es","potentialAction":[{"@type":"ReadAction","target":["https:\/\/www.garciafaura.com\/es\/produccion\/"]}]},{"@type":"BreadcrumbList","@id":"https:\/\/www.garciafaura.com\/es\/produccion\/#breadcrumb","itemListElement":[{"@type":"ListItem","position":1,"name":"Inici","item":"https:\/\/www.garciafaura.com\/es\/"},{"@type":"ListItem","position":2,"name":"Producci\u00f3n"}]},{"@type":"WebSite","@id":"https:\/\/www.garciafaura.com\/fr\/#website","url":"https:\/\/www.garciafaura.com\/fr\/","name":"GARCIA FAURA","description":"Arquitectura en Alumini, Inox, Ferro i Vidre","publisher":{"@id":"https:\/\/www.garciafaura.com\/fr\/#organization"},"potentialAction":[{"@type":"SearchAction","target":{"@type":"EntryPoint","urlTemplate":"https:\/\/www.garciafaura.com\/fr\/?s={search_term_string}"},"query-input":{"@type":"PropertyValueSpecification","valueRequired":true,"valueName":"search_term_string"}}],"inLanguage":"es"},{"@type":"Organization","@id":"https:\/\/www.garciafaura.com\/fr\/#organization","name":"GARCIA FAURA","url":"https:\/\/www.garciafaura.com\/fr\/","logo":{"@type":"ImageObject","inLanguage":"es","@id":"https:\/\/www.garciafaura.com\/fr\/#\/schema\/logo\/image\/","url":"https:\/\/www.garciafaura.com\/wp-content\/uploads\/2018\/09\/Garcia-Faura.png","contentUrl":"https:\/\/www.garciafaura.com\/wp-content\/uploads\/2018\/09\/Garcia-Faura.png","width":512,"height":512,"caption":"GARCIA FAURA"},"image":{"@id":"https:\/\/www.garciafaura.com\/fr\/#\/schema\/logo\/image\/"},"sameAs":["https:\/\/www.youtube.com\/user\/GARCIAFAURA"]}]}},"_links":{"self":[{"href":"https:\/\/www.garciafaura.com\/es\/wp-json\/wp\/v2\/pages\/17243","targetHints":{"allow":["GET"]}}],"collection":[{"href":"https:\/\/www.garciafaura.com\/es\/wp-json\/wp\/v2\/pages"}],"about":[{"href":"https:\/\/www.garciafaura.com\/es\/wp-json\/wp\/v2\/types\/page"}],"author":[{"embeddable":true,"href":"https:\/\/www.garciafaura.com\/es\/wp-json\/wp\/v2\/users\/3"}],"replies":[{"embeddable":true,"href":"https:\/\/www.garciafaura.com\/es\/wp-json\/wp\/v2\/comments?post=17243"}],"version-history":[{"count":7,"href":"https:\/\/www.garciafaura.com\/es\/wp-json\/wp\/v2\/pages\/17243\/revisions"}],"predecessor-version":[{"id":31144,"href":"https:\/\/www.garciafaura.com\/es\/wp-json\/wp\/v2\/pages\/17243\/revisions\/31144"}],"wp:attachment":[{"href":"https:\/\/www.garciafaura.com\/es\/wp-json\/wp\/v2\/media?parent=17243"}],"curies":[{"name":"wp","href":"https:\/\/api.w.org\/{rel}","templated":true}]}}