{"id":17208,"date":"2019-02-21T17:57:38","date_gmt":"2019-02-21T17:57:38","guid":{"rendered":"https:\/\/www.garciafaura.com\/aviso-legal-y-politica-de-privacidad\/"},"modified":"2023-04-03T12:40:10","modified_gmt":"2023-04-03T10:40:10","slug":"aviso-legal","status":"publish","type":"page","link":"https:\/\/www.garciafaura.com\/es\/aviso-legal\/","title":{"rendered":"Aviso Legal"},"content":{"rendered":"<div class=\"wpb-content-wrapper\">[vc_row][vc_column][vc_column_text]\n<h2><span style=\"font-family: 'Open Sans';\">Ley de servicios de la sociedad de la informaci\u00f3n (LSSI) <\/span><\/h2>\n<p><span style=\"font-family: 'Open Sans';\">GARCIA FAURA, S.L., responsable del sitio web, en adelante RESPONSABLE, pone a disposici\u00f3n de los usuarios este documento, cuyo objetivo es cumplir las obligaciones previstas en la Ley 34\/2002, de 11 de julio, de servicios de la sociedad de Informaci\u00f3n y comercio electr\u00f3nico <\/span><span style=\"font-family: 'Open Sans';\">(LSSICE), BOE n\u00ba 166, as\u00ed como informar a todos los usuarios del sitio web sobre cu\u00e1les son las condiciones de uso. Cualquier persona que acceda a este sitio web asume el rol de usuario, comprometi\u00e9ndose a la observancia y estricto cumplimiento de las disposiciones aqu\u00ed establecidas, as\u00ed como a cualquier otra disposici\u00f3n legal que no sea aplicable.<\/span><\/p>\n<p><span style=\"font-family: 'Open Sans';\">GARCIA FAURA, S.L. se reserva el derecho de modificar cualquier tipo de informaci\u00f3n que pueda aparecer en el sitio web, sin que exista obligaci\u00f3n alguna de preavisar o informar a los usuarios de estas obligaciones, entendi\u00e9ndose como suficiente con la publicaci\u00f3n en el sitio web Sitio web de GARCIA FAURA, S.L.<\/span><\/p>\n<h3><span style=\"font-family: 'Open Sans';\">1. DATOS IDENTIFICATIVOS <\/span><\/h3>\n<p><span style=\"font-family: 'Open Sans';\">Nombre de dominio: www.garciafaura.com<\/span><br \/>\n<span style=\"font-family: 'Open Sans';\">Nombre comercial: GARCIA FAURA, S.L.<\/span><br \/>\n<span style=\"font-family: 'Open Sans';\">Denominaci\u00f3n social: GARCIA FAURA, S.L.<\/span><br \/>\n<span style=\"font-family: 'Open Sans';\">NIF: B58753005<\/span><br \/>\n<span style=\"font-family: 'Open Sans';\">Domicilio social: C\/ Raurell 37 08850 Gav\u00e0 Espa\u00f1a<\/span><br \/>\n<span style=\"font-family: 'Open Sans';\">Tel\u00e9fono: 936 621 441<\/span><br \/>\n<span style=\"font-family: 'Open Sans';\">Correo electr\u00f3nico: lrequena@garciafaura.com<\/span><br \/>\n<span style=\"font-family: 'Open Sans';\">inscrita en el Registro Mercantil de <span style=\"font-size: 13px;\">Barcelona<\/span><\/span> <span class=\"s1\" style=\"font-family: 'Open Sans'; font-size: 13px;\">-Volumen: 9.876 libro: 435 secci\u00f3n: 3\u00aa Folio: 98 Hoja: 7.922 Inscripci\u00f3n 1\u00aa<\/span><\/p>\n<h3><span style=\"font-family: 'Open Sans';\">2. DERECHOS DE PROPIEDAD INTELECTUAL E INDUSTRIAL <\/span><\/h3>\n<p><span style=\"font-family: 'Open Sans';\">El sitio web, incluyendo a t\u00edtulo enunciativo pero no limitado, su programaci\u00f3n, edici\u00f3n, compilaci\u00f3n y otros elementos necesarios para su funcionamiento, los dise\u00f1os, logotipos, texto y\/o gr\u00e1ficos, son propiedad del responsable del tratamiento o, en su caso, tiene una licencia o autorizaci\u00f3n expresa de los autores. <\/span><\/p>\n<p><span style=\"font-family: 'Open Sans';\">Todos los contenidos del sitio web est\u00e1n debidamente protegidos por las normas de propiedad intelectual e industrial, as\u00ed como registradas en los correspondientes registros p\u00fablicos. Independientemente de la finalidad para la que se destinen, la reproducci\u00f3n total o parcial, el uso, la explotaci\u00f3n, la distribuci\u00f3n y la comercializaci\u00f3n, requiere, en cualquier caso, previa autorizaci\u00f3n por escrito del responsable. <\/span><\/p>\n<p><span style=\"font-family: 'Open Sans';\">Cualquier uso no autorizado previamente se considerar\u00e1 un incumplimiento grave de los derechos de propiedad intelectual o industrial del autor. Los dise\u00f1os, logotipos, textos y\/o gr\u00e1ficos ajenos al responsable y que puedan aparecer en el sitio web, pertenecen a sus respectivos propietarios, siendo ellos mismos responsables de cualquier posible controversia que pueda surgir con respecto a ellos. El RESPONSABLE autoriza expresamente a terceros a redirigir directamente a los contenidos espec\u00edficos del sitio web, y en cualquier caso redirigir a la p\u00e1gina web principal de www.garciafaura.com. <\/span><\/p>\n<p><span style=\"font-family: 'Open Sans';\">El RESPONSABLE reconoce a favor de sus titulares los derechos correspondientes de propiedad intelectual e industrial, no implicando su mera menci\u00f3n o aparici\u00f3n en el sitio web la existencia de ning\u00fan derecho o responsabilidad sobre ellos, as\u00ed como el respaldo, patrocinio o recomendaci\u00f3n por el mismo. <\/span><\/p>\n<p><span style=\"font-family: 'Open Sans';\">Para realizar cualquier tipo de observaci\u00f3n sobre posibles incumplimientos de los derechos de propiedad intelectual o industrial, as\u00ed como de cualquiera de los contenidos del sitio web, puede hacerlo a trav\u00e9s del correo electr\u00f3nico info@garciafaura.com. <\/span><\/p>\n<h3><span style=\"font-family: 'Open Sans';\">3. EXENCI\u00d3N DE RESPONSABILIDADES <\/span><\/h3>\n<p><span style=\"font-family: 'Open Sans';\">El RESPONSABLE del tratamiento de datos renuncia a cualquier responsabilidad derivada de la informaci\u00f3n publicada en su sitio web siempre que esta informaci\u00f3n haya sido manipulada o introducida por un tercero ajeno a ella. <\/span><\/p>\n<h4><span style=\"font-family: 'Open Sans';\">Uso de cookies <\/span><\/h4>\n<p><span style=\"font-family: 'Open Sans';\">Este sitio web puede utilizar cookies t\u00e9cnicas (peque\u00f1os archivos de informaci\u00f3n que el servidor env\u00eda al ordenador de la persona que accede a la p\u00e1gina) para realizar ciertas funciones que se consideran esenciales para el correcto funcionamiento y visualizaci\u00f3n del sitio. Las cookies utilizadas son, en cualquier caso, temporales, con el \u00fanico prop\u00f3sito de hacer m\u00e1s eficiente la navegaci\u00f3n, y desaparecen cuando finaliza la sesi\u00f3n del usuario. <\/span><\/p>\n<p><span style=\"font-family: 'Open Sans';\">En ning\u00fan caso, estas cookies proporcionan datos personales por s\u00ed mismos y no se utilizar\u00e1n para la recogida de los mismos. <\/span><\/p>\n<p><span style=\"font-family: 'Open Sans';\">A trav\u00e9s del uso de cookies, tambi\u00e9n es posible que el servidor donde se encuentra el sitio web reconozca el navegador utilizado por el usuario con el fin de facilitar la navegaci\u00f3n, lo que permite, por ejemplo, el acceso de los usuarios que se han registrado previamente en las \u00e1reas, servicios, promociones o concursos reservados exclusivamente para ellos sin tener que registrarse en cada visita. <\/span><\/p>\n<p><span style=\"font-family: 'Open Sans';\">Tambi\u00e9n se pueden utilizar para medir la audiencia, par\u00e1metros de tr\u00e1fico, controlar el progreso y n\u00famero de entradas, etc., siendo en estos casos cookies t\u00e9cnicamente prescindibles pero beneficiosas para el usuario. <\/span><\/p>\n<p><span style=\"font-family: 'Open Sans';\">Este sitio web no instalar\u00e1 cookies prescindibles sin el consentimiento previo del usuario. El usuario tiene la posibilidad de configurar su navegador para ser alertado de la recepci\u00f3n de cookies y para evitar su instalaci\u00f3n en su ordenador. <\/span><\/p>\n<p><span style=\"font-family: 'Open Sans';\">Consulte las instrucciones de su navegador para obtener m\u00e1s informaci\u00f3n. Pol\u00edtica de enlaces. Desde el sitio web puede ser redirigido a contenidos de sitios web de terceros. <\/span><\/p>\n<p><span style=\"font-family: 'Open Sans';\">Dado que el responsable no siempre puede controlar los contenidos introducidos por terceras partes en sus respectivos sitios web, no asume ning\u00fan tipo de responsabilidad con respecto a dichos contenidos. <\/span><\/p>\n<p><span style=\"font-family: 'Open Sans';\">En cualquier caso, proceder\u00e1 a la retirada inmediata de cualquier contenido que pueda contravenir la legislaci\u00f3n nacional o internacional, la moralidad o el orden p\u00fablico, procediendo a la retirada inmediata de la redirecci\u00f3n a dicho sitio web, informando a las autoridades competentes el contenido en cuesti\u00f3n. <\/span><\/p>\n<p><span style=\"font-family: 'Open Sans';\">El RESPONSABLE del tratamiento de los datos no es responsable de la informaci\u00f3n y contenido almacenado, incluidos, entre otros, foros, chats, generadores de blogs, comentarios, redes sociales o cualquier otro medio que permita a terceros publicar contenidos de forma independiente en el sitio web del RESPONSABLE. <\/span><\/p>\n<p><span style=\"font-family: 'Open Sans';\">Sin embargo, y en cumplimiento de lo dispuesto en los art\u00edculos 11 y 16 de la LSSICE, se pone a disposici\u00f3n de todos los usuarios, autoridades y fuerzas de seguridad, colaborando activamente en la retirada o, en su caso, bloqueando todo el contenido que pueda afectar o contravenir la legislaci\u00f3n nacional o internacional, los derechos de terceros o la moralidad y el orden p\u00fablico. <\/span><\/p>\n<p><span style=\"font-family: 'Open Sans';\">En el caso de que el usuario considere que hay alg\u00fan contenido en el sitio web que pueda ser susceptible a esta clasificaci\u00f3n, por favor informe inmediatamente al webmaster de la P\u00e1gina Web. <\/span><\/p>\n<p><span style=\"font-family: 'Open Sans';\">Este sitio web ha sido revisado y probado para funcionar correctamente. En principio, la operaci\u00f3n correcta puede garantizarse los 365 d\u00edas del a\u00f1o, las 24 horas del d\u00eda. <\/span><\/p>\n<p><span style=\"font-family: 'Open Sans';\">Sin embargo, el responsable no descarta la posibilidad de ciertos errores de programaci\u00f3n, o que se produzcan causas de fuerza mayor, cat\u00e1strofes naturales, huelgas o circunstancias similares que hagan imposible el acceso al sitio Web. <\/span><\/p>\n<h4><span style=\"font-family: 'Open Sans';\">Direcciones IP <\/span><\/h4>\n<p><span style=\"font-family: 'Open Sans';\">Los servidores del sitio web podr\u00e1n detectar autom\u00e1ticamente la direcci\u00f3n IP y el nombre de dominio utilizados por el usuario. Una direcci\u00f3n IP es un n\u00famero asignado autom\u00e1ticamente a un ordenador cuando se conecta a Internet. <\/span><\/p>\n<p><span style=\"font-family: 'Open Sans';\">Toda esta informaci\u00f3n se graba en un fichero de actividad del servidor debidamente registrado que permite el posterior procesamiento de los datos con el fin de obtener mediciones estad\u00edsticas que permitan conocer el n\u00famero de impresiones de la p\u00e1gina , el n\u00famero de visitas realizadas a los servidores Web, el orden de visitas, el punto de acceso, etc. <\/span><\/p>\n<h3><span style=\"font-family: 'Open Sans';\">4. Legislaci\u00f3n aplicable y jurisdicci\u00f3n <\/span><\/h3>\n<p><span style=\"font-family: 'Open Sans';\">Para la resoluci\u00f3n de todas las disputas o cuestiones relacionadas con este sitio web o las actividades desarrolladas en el mismo, se aplicar\u00e1 la legislaci\u00f3n espa\u00f1ola, a la que las partes se someten expresamente, siendo competentes para la resoluci\u00f3n de todos los Los conflictos que surjan o est\u00e9n relacionados con su uso por los juzgados y tribunales m\u00e1s cercanos a Gav\u00e0.<\/span>[\/vc_column_text][\/vc_column][\/vc_row]\n<\/div>","protected":false},"excerpt":{"rendered":"<p>[vc_row][vc_column][vc_column_text] Ley de servicios de la sociedad de la informaci\u00f3n (LSSI) GARCIA FAURA, S.L., responsable del sitio web, en adelante RESPONSABLE, pone a disposici\u00f3n de los usuarios este documento, cuyo objetivo es cumplir las obligaciones previstas en la Ley 34\/2002,&hellip;<\/p>\n","protected":false},"author":3,"featured_media":0,"parent":0,"menu_order":0,"comment_status":"closed","ping_status":"closed","template":"","meta":{"footnotes":""},"class_list":["post-17208","page","type-page","status-publish","hentry","entry","no-media"],"yoast_head":"<!-- This site is optimized with the Yoast SEO plugin v26.7 - https:\/\/yoast.com\/wordpress\/plugins\/seo\/ -->\n<title>Aviso Legal - GARCIA FAURA<\/title>\n<meta name=\"description\" content=\"Arquitectura en Alumini, Inox, Ferro i Vidre\" \/>\n<meta name=\"robots\" content=\"index, follow, max-snippet:-1, max-image-preview:large, max-video-preview:-1\" \/>\n<link rel=\"canonical\" href=\"https:\/\/www.garciafaura.com\/es\/aviso-legal\/\" \/>\n<meta property=\"og:locale\" content=\"es_ES\" \/>\n<meta property=\"og:type\" content=\"article\" \/>\n<meta property=\"og:title\" content=\"Aviso Legal - GARCIA FAURA\" \/>\n<meta property=\"og:description\" content=\"Arquitectura en Alumini, Inox, Ferro i Vidre\" \/>\n<meta property=\"og:url\" content=\"https:\/\/www.garciafaura.com\/es\/aviso-legal\/\" \/>\n<meta property=\"og:site_name\" content=\"GARCIA FAURA\" \/>\n<meta property=\"article:modified_time\" content=\"2023-04-03T10:40:10+00:00\" \/>\n<meta name=\"twitter:card\" content=\"summary_large_image\" \/>\n<meta name=\"twitter:label1\" content=\"Tiempo de lectura\" \/>\n\t<meta name=\"twitter:data1\" content=\"7 minutos\" \/>\n<script type=\"application\/ld+json\" class=\"yoast-schema-graph\">{\"@context\":\"https:\/\/schema.org\",\"@graph\":[{\"@type\":\"WebPage\",\"@id\":\"https:\/\/www.garciafaura.com\/es\/aviso-legal\/\",\"url\":\"https:\/\/www.garciafaura.com\/es\/aviso-legal\/\",\"name\":\"Aviso Legal - GARCIA FAURA\",\"isPartOf\":{\"@id\":\"https:\/\/www.garciafaura.com\/fr\/#website\"},\"datePublished\":\"2019-02-21T17:57:38+00:00\",\"dateModified\":\"2023-04-03T10:40:10+00:00\",\"description\":\"Arquitectura en Alumini, Inox, Ferro i Vidre\",\"breadcrumb\":{\"@id\":\"https:\/\/www.garciafaura.com\/es\/aviso-legal\/#breadcrumb\"},\"inLanguage\":\"es\",\"potentialAction\":[{\"@type\":\"ReadAction\",\"target\":[\"https:\/\/www.garciafaura.com\/es\/aviso-legal\/\"]}]},{\"@type\":\"BreadcrumbList\",\"@id\":\"https:\/\/www.garciafaura.com\/es\/aviso-legal\/#breadcrumb\",\"itemListElement\":[{\"@type\":\"ListItem\",\"position\":1,\"name\":\"Inici\",\"item\":\"https:\/\/www.garciafaura.com\/es\/\"},{\"@type\":\"ListItem\",\"position\":2,\"name\":\"Aviso Legal\"}]},{\"@type\":\"WebSite\",\"@id\":\"https:\/\/www.garciafaura.com\/fr\/#website\",\"url\":\"https:\/\/www.garciafaura.com\/fr\/\",\"name\":\"GARCIA FAURA\",\"description\":\"Arquitectura en Alumini, Inox, Ferro i Vidre\",\"publisher\":{\"@id\":\"https:\/\/www.garciafaura.com\/fr\/#organization\"},\"potentialAction\":[{\"@type\":\"SearchAction\",\"target\":{\"@type\":\"EntryPoint\",\"urlTemplate\":\"https:\/\/www.garciafaura.com\/fr\/?s={search_term_string}\"},\"query-input\":{\"@type\":\"PropertyValueSpecification\",\"valueRequired\":true,\"valueName\":\"search_term_string\"}}],\"inLanguage\":\"es\"},{\"@type\":\"Organization\",\"@id\":\"https:\/\/www.garciafaura.com\/fr\/#organization\",\"name\":\"GARCIA FAURA\",\"url\":\"https:\/\/www.garciafaura.com\/fr\/\",\"logo\":{\"@type\":\"ImageObject\",\"inLanguage\":\"es\",\"@id\":\"https:\/\/www.garciafaura.com\/fr\/#\/schema\/logo\/image\/\",\"url\":\"https:\/\/www.garciafaura.com\/wp-content\/uploads\/2018\/09\/Garcia-Faura.png\",\"contentUrl\":\"https:\/\/www.garciafaura.com\/wp-content\/uploads\/2018\/09\/Garcia-Faura.png\",\"width\":512,\"height\":512,\"caption\":\"GARCIA FAURA\"},\"image\":{\"@id\":\"https:\/\/www.garciafaura.com\/fr\/#\/schema\/logo\/image\/\"},\"sameAs\":[\"https:\/\/www.youtube.com\/user\/GARCIAFAURA\"]}]}<\/script>\n<!-- \/ Yoast SEO plugin. -->","yoast_head_json":{"title":"Aviso Legal - GARCIA FAURA","description":"Arquitectura en Alumini, Inox, Ferro i Vidre","robots":{"index":"index","follow":"follow","max-snippet":"max-snippet:-1","max-image-preview":"max-image-preview:large","max-video-preview":"max-video-preview:-1"},"canonical":"https:\/\/www.garciafaura.com\/es\/aviso-legal\/","og_locale":"es_ES","og_type":"article","og_title":"Aviso Legal - GARCIA FAURA","og_description":"Arquitectura en Alumini, Inox, Ferro i Vidre","og_url":"https:\/\/www.garciafaura.com\/es\/aviso-legal\/","og_site_name":"GARCIA FAURA","article_modified_time":"2023-04-03T10:40:10+00:00","twitter_card":"summary_large_image","twitter_misc":{"Tiempo de lectura":"7 minutos"},"schema":{"@context":"https:\/\/schema.org","@graph":[{"@type":"WebPage","@id":"https:\/\/www.garciafaura.com\/es\/aviso-legal\/","url":"https:\/\/www.garciafaura.com\/es\/aviso-legal\/","name":"Aviso Legal - GARCIA FAURA","isPartOf":{"@id":"https:\/\/www.garciafaura.com\/fr\/#website"},"datePublished":"2019-02-21T17:57:38+00:00","dateModified":"2023-04-03T10:40:10+00:00","description":"Arquitectura en Alumini, Inox, Ferro i Vidre","breadcrumb":{"@id":"https:\/\/www.garciafaura.com\/es\/aviso-legal\/#breadcrumb"},"inLanguage":"es","potentialAction":[{"@type":"ReadAction","target":["https:\/\/www.garciafaura.com\/es\/aviso-legal\/"]}]},{"@type":"BreadcrumbList","@id":"https:\/\/www.garciafaura.com\/es\/aviso-legal\/#breadcrumb","itemListElement":[{"@type":"ListItem","position":1,"name":"Inici","item":"https:\/\/www.garciafaura.com\/es\/"},{"@type":"ListItem","position":2,"name":"Aviso Legal"}]},{"@type":"WebSite","@id":"https:\/\/www.garciafaura.com\/fr\/#website","url":"https:\/\/www.garciafaura.com\/fr\/","name":"GARCIA FAURA","description":"Arquitectura en Alumini, Inox, Ferro i Vidre","publisher":{"@id":"https:\/\/www.garciafaura.com\/fr\/#organization"},"potentialAction":[{"@type":"SearchAction","target":{"@type":"EntryPoint","urlTemplate":"https:\/\/www.garciafaura.com\/fr\/?s={search_term_string}"},"query-input":{"@type":"PropertyValueSpecification","valueRequired":true,"valueName":"search_term_string"}}],"inLanguage":"es"},{"@type":"Organization","@id":"https:\/\/www.garciafaura.com\/fr\/#organization","name":"GARCIA FAURA","url":"https:\/\/www.garciafaura.com\/fr\/","logo":{"@type":"ImageObject","inLanguage":"es","@id":"https:\/\/www.garciafaura.com\/fr\/#\/schema\/logo\/image\/","url":"https:\/\/www.garciafaura.com\/wp-content\/uploads\/2018\/09\/Garcia-Faura.png","contentUrl":"https:\/\/www.garciafaura.com\/wp-content\/uploads\/2018\/09\/Garcia-Faura.png","width":512,"height":512,"caption":"GARCIA FAURA"},"image":{"@id":"https:\/\/www.garciafaura.com\/fr\/#\/schema\/logo\/image\/"},"sameAs":["https:\/\/www.youtube.com\/user\/GARCIAFAURA"]}]}},"_links":{"self":[{"href":"https:\/\/www.garciafaura.com\/es\/wp-json\/wp\/v2\/pages\/17208","targetHints":{"allow":["GET"]}}],"collection":[{"href":"https:\/\/www.garciafaura.com\/es\/wp-json\/wp\/v2\/pages"}],"about":[{"href":"https:\/\/www.garciafaura.com\/es\/wp-json\/wp\/v2\/types\/page"}],"author":[{"embeddable":true,"href":"https:\/\/www.garciafaura.com\/es\/wp-json\/wp\/v2\/users\/3"}],"replies":[{"embeddable":true,"href":"https:\/\/www.garciafaura.com\/es\/wp-json\/wp\/v2\/comments?post=17208"}],"version-history":[{"count":5,"href":"https:\/\/www.garciafaura.com\/es\/wp-json\/wp\/v2\/pages\/17208\/revisions"}],"predecessor-version":[{"id":31900,"href":"https:\/\/www.garciafaura.com\/es\/wp-json\/wp\/v2\/pages\/17208\/revisions\/31900"}],"wp:attachment":[{"href":"https:\/\/www.garciafaura.com\/es\/wp-json\/wp\/v2\/media?parent=17208"}],"curies":[{"name":"wp","href":"https:\/\/api.w.org\/{rel}","templated":true}]}}